{"id":2015,"date":"2020-04-08T08:53:47","date_gmt":"2020-04-08T08:53:47","guid":{"rendered":"https:\/\/cannabee.net\/ansvarsfraskrivelse\/"},"modified":"2020-06-04T09:09:23","modified_gmt":"2020-06-04T09:09:23","slug":"ansvarsfraskrivelse","status":"publish","type":"page","link":"https:\/\/cannabee.net\/da\/ansvarsfraskrivelse\/","title":{"rendered":"Ansvarsfraskrivelse"},"content":{"rendered":"<p>Cannabee.net vores forfattere p\u00e5tager sig intet ansvar for eventuelle ulemper eller skader som f\u00f8lge af brugen af \u200b\u200bde oplysninger, der pr\u00e6senteres her.<\/p>\n<p>Vores tekster erstatter p\u00e5 ingen m\u00e5de professionel r\u00e5dgivning fra en l\u00e6ge eller apotek, og de m\u00e5 ikke bruges som grundlag for uafh\u00e6ngig diagnose og p\u00e5begyndelse, \u00e6ndring eller oph\u00f8r af behandling af sygdomme. Hvis du har sundhedsm\u00e6ssige sp\u00f8rgsm\u00e5l eller klager, skal du altid konsultere en l\u00e6ge, du stoler p\u00e5!<\/p>\n<p>Det frit tilg\u00e6ngelige indhold p\u00e5 denne hjemmeside er skabt med st\u00f8rst mulig omhu og tjener et udelukkende informativt form\u00e5l om emnet. Udbyderen af \u200b\u200bdenne hjemmeside p\u00e5tager sig intet ansvar for n\u00f8jagtigheden, aktualiteten og fuldst\u00e6ndigheden af \u200b\u200bde givne tekster og indhold. De repr\u00e6senterer ikke en anbefaling af de diagnostiske metoder, behandlinger eller l\u00e6gemidler, der er beskrevet eller n\u00e6vnt, og er ikke beregnet til at tjene som reklame.<\/p>\n","protected":false},"excerpt":{"rendered":"<p>Cannabee.net vores forfattere p\u00e5tager sig intet ansvar for eventuelle ulemper eller skader som f\u00f8lge af brugen af \u200b\u200bde oplysninger, der pr\u00e6senteres her. Vores tekster erstatter p\u00e5 ingen m\u00e5de professionel r\u00e5dgivning fra en l\u00e6ge eller apotek, og de m\u00e5 ikke bruges<\/p>\n","protected":false},"author":1,"featured_media":0,"parent":0,"menu_order":0,"comment_status":"closed","ping_status":"closed","template":"","meta":{"advgb_blocks_editor_width":"","advgb_blocks_columns_visual_guide":"","_lmt_disableupdate":"","_lmt_disable":""},"yoast_head":"<!-- This site is optimized with the Yoast SEO plugin v19.4 - https:\/\/yoast.com\/wordpress\/plugins\/seo\/ -->\n<title>Ansvarsfraskrivelse - Cannabee<\/title>\n<meta name=\"robots\" content=\"index, follow, max-snippet:-1, max-image-preview:large, max-video-preview:-1\" \/>\n<link rel=\"canonical\" href=\"https:\/\/cannabee.net\/da\/ansvarsfraskrivelse\/\" \/>\n<meta property=\"og:locale\" content=\"da_DK\" \/>\n<meta property=\"og:type\" content=\"article\" \/>\n<meta property=\"og:title\" content=\"Ansvarsfraskrivelse - Cannabee\" \/>\n<meta property=\"og:description\" content=\"Cannabee.net vores forfattere p\u00e5tager sig intet ansvar for eventuelle ulemper eller skader som f\u00f8lge af brugen af \u200b\u200bde oplysninger, der pr\u00e6senteres her. Vores tekster erstatter p\u00e5 ingen m\u00e5de professionel r\u00e5dgivning fra en l\u00e6ge eller apotek, og de m\u00e5 ikke bruges\" \/>\n<meta property=\"og:url\" content=\"https:\/\/cannabee.net\/da\/ansvarsfraskrivelse\/\" \/>\n<meta property=\"og:site_name\" content=\"Cannabee\" \/>\n<meta property=\"article:publisher\" content=\"https:\/\/www.facebook.com\/cannabe.net\/\" \/>\n<meta property=\"article:modified_time\" content=\"2020-06-04T09:09:23+00:00\" \/>\n<meta name=\"twitter:card\" content=\"summary_large_image\" \/>\n<meta name=\"twitter:label1\" content=\"Estimeret l\u00e6setid\" \/>\n\t<meta name=\"twitter:data1\" content=\"1 minut\" \/>\n<script type=\"application\/ld+json\" class=\"yoast-schema-graph\">{\"@context\":\"https:\/\/schema.org\",\"@graph\":[{\"@type\":\"Organization\",\"@id\":\"https:\/\/cannabee.net\/#organization\",\"name\":\"Cannabee.net\",\"url\":\"https:\/\/cannabee.net\/\",\"sameAs\":[\"https:\/\/www.facebook.com\/cannabe.net\/\"],\"logo\":{\"@type\":\"ImageObject\",\"inLanguage\":\"da-DK\",\"@id\":\"https:\/\/cannabee.net\/#\/schema\/logo\/image\/\",\"url\":\"https:\/\/cannabee.net\/wp-content\/uploads\/2020\/04\/Untitled-design.png\",\"contentUrl\":\"https:\/\/cannabee.net\/wp-content\/uploads\/2020\/04\/Untitled-design.png\",\"width\":500,\"height\":500,\"caption\":\"Cannabee.net\"},\"image\":{\"@id\":\"https:\/\/cannabee.net\/#\/schema\/logo\/image\/\"}},{\"@type\":\"WebSite\",\"@id\":\"https:\/\/cannabee.net\/#website\",\"url\":\"https:\/\/cannabee.net\/\",\"name\":\"Cannabee\",\"description\":\"YOUR CBD HUB\",\"publisher\":{\"@id\":\"https:\/\/cannabee.net\/#organization\"},\"potentialAction\":[{\"@type\":\"SearchAction\",\"target\":{\"@type\":\"EntryPoint\",\"urlTemplate\":\"https:\/\/cannabee.net\/?s={search_term_string}\"},\"query-input\":\"required name=search_term_string\"}],\"inLanguage\":\"da-DK\"},{\"@type\":\"WebPage\",\"@id\":\"https:\/\/cannabee.net\/da\/ansvarsfraskrivelse\/\",\"url\":\"https:\/\/cannabee.net\/da\/ansvarsfraskrivelse\/\",\"name\":\"Ansvarsfraskrivelse - Cannabee\",\"isPartOf\":{\"@id\":\"https:\/\/cannabee.net\/#website\"},\"datePublished\":\"2020-04-08T08:53:47+00:00\",\"dateModified\":\"2020-06-04T09:09:23+00:00\",\"breadcrumb\":{\"@id\":\"https:\/\/cannabee.net\/da\/ansvarsfraskrivelse\/#breadcrumb\"},\"inLanguage\":\"da-DK\",\"potentialAction\":[{\"@type\":\"ReadAction\",\"target\":[\"https:\/\/cannabee.net\/da\/ansvarsfraskrivelse\/\"]}]},{\"@type\":\"BreadcrumbList\",\"@id\":\"https:\/\/cannabee.net\/da\/ansvarsfraskrivelse\/#breadcrumb\",\"itemListElement\":[{\"@type\":\"ListItem\",\"position\":1,\"name\":\"Ansvarsfraskrivelse\"}]}]}<\/script>\n<!-- \/ Yoast SEO plugin. -->","yoast_head_json":{"title":"Ansvarsfraskrivelse - Cannabee","robots":{"index":"index","follow":"follow","max-snippet":"max-snippet:-1","max-image-preview":"max-image-preview:large","max-video-preview":"max-video-preview:-1"},"canonical":"https:\/\/cannabee.net\/da\/ansvarsfraskrivelse\/","og_locale":"da_DK","og_type":"article","og_title":"Ansvarsfraskrivelse - Cannabee","og_description":"Cannabee.net vores forfattere p\u00e5tager sig intet ansvar for eventuelle ulemper eller skader som f\u00f8lge af brugen af \u200b\u200bde oplysninger, der pr\u00e6senteres her. Vores tekster erstatter p\u00e5 ingen m\u00e5de professionel r\u00e5dgivning fra en l\u00e6ge eller apotek, og de m\u00e5 ikke bruges","og_url":"https:\/\/cannabee.net\/da\/ansvarsfraskrivelse\/","og_site_name":"Cannabee","article_publisher":"https:\/\/www.facebook.com\/cannabe.net\/","article_modified_time":"2020-06-04T09:09:23+00:00","twitter_card":"summary_large_image","twitter_misc":{"Estimeret l\u00e6setid":"1 minut"},"schema":{"@context":"https:\/\/schema.org","@graph":[{"@type":"Organization","@id":"https:\/\/cannabee.net\/#organization","name":"Cannabee.net","url":"https:\/\/cannabee.net\/","sameAs":["https:\/\/www.facebook.com\/cannabe.net\/"],"logo":{"@type":"ImageObject","inLanguage":"da-DK","@id":"https:\/\/cannabee.net\/#\/schema\/logo\/image\/","url":"https:\/\/cannabee.net\/wp-content\/uploads\/2020\/04\/Untitled-design.png","contentUrl":"https:\/\/cannabee.net\/wp-content\/uploads\/2020\/04\/Untitled-design.png","width":500,"height":500,"caption":"Cannabee.net"},"image":{"@id":"https:\/\/cannabee.net\/#\/schema\/logo\/image\/"}},{"@type":"WebSite","@id":"https:\/\/cannabee.net\/#website","url":"https:\/\/cannabee.net\/","name":"Cannabee","description":"YOUR CBD HUB","publisher":{"@id":"https:\/\/cannabee.net\/#organization"},"potentialAction":[{"@type":"SearchAction","target":{"@type":"EntryPoint","urlTemplate":"https:\/\/cannabee.net\/?s={search_term_string}"},"query-input":"required name=search_term_string"}],"inLanguage":"da-DK"},{"@type":"WebPage","@id":"https:\/\/cannabee.net\/da\/ansvarsfraskrivelse\/","url":"https:\/\/cannabee.net\/da\/ansvarsfraskrivelse\/","name":"Ansvarsfraskrivelse - Cannabee","isPartOf":{"@id":"https:\/\/cannabee.net\/#website"},"datePublished":"2020-04-08T08:53:47+00:00","dateModified":"2020-06-04T09:09:23+00:00","breadcrumb":{"@id":"https:\/\/cannabee.net\/da\/ansvarsfraskrivelse\/#breadcrumb"},"inLanguage":"da-DK","potentialAction":[{"@type":"ReadAction","target":["https:\/\/cannabee.net\/da\/ansvarsfraskrivelse\/"]}]},{"@type":"BreadcrumbList","@id":"https:\/\/cannabee.net\/da\/ansvarsfraskrivelse\/#breadcrumb","itemListElement":[{"@type":"ListItem","position":1,"name":"Ansvarsfraskrivelse"}]}]}},"coauthors":[],"author_meta":{"author_link":"https:\/\/cannabee.net\/da\/author\/hazelreynolds95\/","display_name":"Maxwell Harris"},"relative_dates":{"created":"Udgivet 6 \u00e5r siden","modified":"Opdateret 6 \u00e5r siden"},"absolute_dates":{"created":"Udgivet april 8, 2020","modified":"Opdateret juni 4, 2020"},"absolute_dates_time":{"created":"Udgivet april 8, 2020 8:53 am","modified":"Opdateret juni 4, 2020 9:09 am"},"featured_img_caption":"","featured_img":false,"series_order":"","_links":{"self":[{"href":"https:\/\/cannabee.net\/da\/wp-json\/wp\/v2\/pages\/2015"}],"collection":[{"href":"https:\/\/cannabee.net\/da\/wp-json\/wp\/v2\/pages"}],"about":[{"href":"https:\/\/cannabee.net\/da\/wp-json\/wp\/v2\/types\/page"}],"author":[{"embeddable":true,"href":"https:\/\/cannabee.net\/da\/wp-json\/wp\/v2\/users\/1"}],"replies":[{"embeddable":true,"href":"https:\/\/cannabee.net\/da\/wp-json\/wp\/v2\/comments?post=2015"}],"version-history":[{"count":1,"href":"https:\/\/cannabee.net\/da\/wp-json\/wp\/v2\/pages\/2015\/revisions"}],"predecessor-version":[{"id":3941,"href":"https:\/\/cannabee.net\/da\/wp-json\/wp\/v2\/pages\/2015\/revisions\/3941"}],"wp:attachment":[{"href":"https:\/\/cannabee.net\/da\/wp-json\/wp\/v2\/media?parent=2015"}],"curies":[{"name":"wp","href":"https:\/\/api.w.org\/{rel}","templated":true}]}}