{"id":2017,"date":"2020-04-08T08:55:23","date_gmt":"2020-04-08T08:55:23","guid":{"rendered":"https:\/\/cannabee.net\/allgemeiner-hinweis\/"},"modified":"2020-06-04T09:12:20","modified_gmt":"2020-06-04T09:12:20","slug":"allgemeiner-hinweis","status":"publish","type":"page","link":"https:\/\/cannabee.net\/de\/allgemeiner-hinweis\/","title":{"rendered":"Allgemeiner Hinweis"},"content":{"rendered":"<p>Cannabee.net und unsere Autoren \u00fcbernehmen keine Haftung f\u00fcr m\u00f6gliche Unannehmlichkeiten oder Sch\u00e4den, die sich aus der Anwendung der hier dargestellten Information ergeben.<\/p>\n<p>Unsere Texte ersetzen keinesfalls eine fachliche Beratung durch einen Arzt oder Apotheker und sie d\u00fcrfen nicht als Grundlage zur eigenst\u00e4ndigen Diagnose und Beginn, \u00c4nderung oder Beendigung einer Behandlung von Krankheiten verwendet werden. Bei gesundheitlichen Fragen oder Beschwerden konsultieren Sie immer einen Arzt Ihres Vertrauens!<\/p>\n<p>Die frei zug\u00e4nglichen Inhalte dieser Website wurden mit gr\u00f6\u00dftm\u00f6glicher Sorgfalt erstellt und dienen ausschlie\u00dflich zur Information und Weiterbildung \u00fcber das Thema. Der Anbieter dieser Website \u00fcbernimmt jedoch keine Gew\u00e4hr f\u00fcr die Richtigkeit, Aktualit\u00e4t und Vollst\u00e4ndigkeit der bereitgestellten Texte und Inhalte. Sie stellen keine Empfehlung der beschriebenen oder erw\u00e4hnten diagnostischen Methoden, Behandlungen oder Arzneimittel dar und sollen auch nicht als Werbung dienen.<\/p>\n","protected":false},"excerpt":{"rendered":"<p>Cannabee.net und unsere Autoren \u00fcbernehmen keine Haftung f\u00fcr m\u00f6gliche Unannehmlichkeiten oder Sch\u00e4den, die sich aus der Anwendung der hier dargestellten Information ergeben. Unsere Texte ersetzen keinesfalls eine fachliche Beratung durch einen Arzt oder Apotheker und sie d\u00fcrfen nicht als Grundlage<\/p>\n","protected":false},"author":1,"featured_media":0,"parent":0,"menu_order":0,"comment_status":"closed","ping_status":"closed","template":"","meta":{"advgb_blocks_editor_width":"","advgb_blocks_columns_visual_guide":"","_lmt_disableupdate":"","_lmt_disable":""},"yoast_head":"<!-- This site is optimized with the Yoast SEO plugin v19.4 - https:\/\/yoast.com\/wordpress\/plugins\/seo\/ -->\n<title>Allgemeiner Hinweis - Cannabee<\/title>\n<meta name=\"robots\" content=\"index, follow, max-snippet:-1, max-image-preview:large, max-video-preview:-1\" \/>\n<link rel=\"canonical\" href=\"https:\/\/cannabee.net\/de\/allgemeiner-hinweis\/\" \/>\n<meta property=\"og:locale\" content=\"de_DE\" \/>\n<meta property=\"og:type\" content=\"article\" \/>\n<meta property=\"og:title\" content=\"Allgemeiner Hinweis - Cannabee\" \/>\n<meta property=\"og:description\" content=\"Cannabee.net und unsere Autoren \u00fcbernehmen keine Haftung f\u00fcr m\u00f6gliche Unannehmlichkeiten oder Sch\u00e4den, die sich aus der Anwendung der hier dargestellten Information ergeben. Unsere Texte ersetzen keinesfalls eine fachliche Beratung durch einen Arzt oder Apotheker und sie d\u00fcrfen nicht als Grundlage\" \/>\n<meta property=\"og:url\" content=\"https:\/\/cannabee.net\/de\/allgemeiner-hinweis\/\" \/>\n<meta property=\"og:site_name\" content=\"Cannabee\" \/>\n<meta property=\"article:publisher\" content=\"https:\/\/www.facebook.com\/cannabe.net\/\" \/>\n<meta property=\"article:modified_time\" content=\"2020-06-04T09:12:20+00:00\" \/>\n<meta name=\"twitter:card\" content=\"summary_large_image\" \/>\n<meta name=\"twitter:label1\" content=\"Gesch\u00e4tzte Lesezeit\" \/>\n\t<meta name=\"twitter:data1\" content=\"1\u00a0Minute\" \/>\n<script type=\"application\/ld+json\" class=\"yoast-schema-graph\">{\"@context\":\"https:\/\/schema.org\",\"@graph\":[{\"@type\":\"Organization\",\"@id\":\"https:\/\/cannabee.net\/#organization\",\"name\":\"Cannabee.net\",\"url\":\"https:\/\/cannabee.net\/\",\"sameAs\":[\"https:\/\/www.facebook.com\/cannabe.net\/\"],\"logo\":{\"@type\":\"ImageObject\",\"inLanguage\":\"de\",\"@id\":\"https:\/\/cannabee.net\/#\/schema\/logo\/image\/\",\"url\":\"https:\/\/cannabee.net\/wp-content\/uploads\/2020\/04\/Untitled-design.png\",\"contentUrl\":\"https:\/\/cannabee.net\/wp-content\/uploads\/2020\/04\/Untitled-design.png\",\"width\":500,\"height\":500,\"caption\":\"Cannabee.net\"},\"image\":{\"@id\":\"https:\/\/cannabee.net\/#\/schema\/logo\/image\/\"}},{\"@type\":\"WebSite\",\"@id\":\"https:\/\/cannabee.net\/#website\",\"url\":\"https:\/\/cannabee.net\/\",\"name\":\"Cannabee\",\"description\":\"YOUR CBD HUB\",\"publisher\":{\"@id\":\"https:\/\/cannabee.net\/#organization\"},\"potentialAction\":[{\"@type\":\"SearchAction\",\"target\":{\"@type\":\"EntryPoint\",\"urlTemplate\":\"https:\/\/cannabee.net\/?s={search_term_string}\"},\"query-input\":\"required name=search_term_string\"}],\"inLanguage\":\"de\"},{\"@type\":\"WebPage\",\"@id\":\"https:\/\/cannabee.net\/de\/allgemeiner-hinweis\/\",\"url\":\"https:\/\/cannabee.net\/de\/allgemeiner-hinweis\/\",\"name\":\"Allgemeiner Hinweis - Cannabee\",\"isPartOf\":{\"@id\":\"https:\/\/cannabee.net\/#website\"},\"datePublished\":\"2020-04-08T08:55:23+00:00\",\"dateModified\":\"2020-06-04T09:12:20+00:00\",\"breadcrumb\":{\"@id\":\"https:\/\/cannabee.net\/de\/allgemeiner-hinweis\/#breadcrumb\"},\"inLanguage\":\"de\",\"potentialAction\":[{\"@type\":\"ReadAction\",\"target\":[\"https:\/\/cannabee.net\/de\/allgemeiner-hinweis\/\"]}]},{\"@type\":\"BreadcrumbList\",\"@id\":\"https:\/\/cannabee.net\/de\/allgemeiner-hinweis\/#breadcrumb\",\"itemListElement\":[{\"@type\":\"ListItem\",\"position\":1,\"name\":\"Allgemeiner Hinweis\"}]}]}<\/script>\n<!-- \/ Yoast SEO plugin. -->","yoast_head_json":{"title":"Allgemeiner Hinweis - Cannabee","robots":{"index":"index","follow":"follow","max-snippet":"max-snippet:-1","max-image-preview":"max-image-preview:large","max-video-preview":"max-video-preview:-1"},"canonical":"https:\/\/cannabee.net\/de\/allgemeiner-hinweis\/","og_locale":"de_DE","og_type":"article","og_title":"Allgemeiner Hinweis - Cannabee","og_description":"Cannabee.net und unsere Autoren \u00fcbernehmen keine Haftung f\u00fcr m\u00f6gliche Unannehmlichkeiten oder Sch\u00e4den, die sich aus der Anwendung der hier dargestellten Information ergeben. Unsere Texte ersetzen keinesfalls eine fachliche Beratung durch einen Arzt oder Apotheker und sie d\u00fcrfen nicht als Grundlage","og_url":"https:\/\/cannabee.net\/de\/allgemeiner-hinweis\/","og_site_name":"Cannabee","article_publisher":"https:\/\/www.facebook.com\/cannabe.net\/","article_modified_time":"2020-06-04T09:12:20+00:00","twitter_card":"summary_large_image","twitter_misc":{"Gesch\u00e4tzte Lesezeit":"1\u00a0Minute"},"schema":{"@context":"https:\/\/schema.org","@graph":[{"@type":"Organization","@id":"https:\/\/cannabee.net\/#organization","name":"Cannabee.net","url":"https:\/\/cannabee.net\/","sameAs":["https:\/\/www.facebook.com\/cannabe.net\/"],"logo":{"@type":"ImageObject","inLanguage":"de","@id":"https:\/\/cannabee.net\/#\/schema\/logo\/image\/","url":"https:\/\/cannabee.net\/wp-content\/uploads\/2020\/04\/Untitled-design.png","contentUrl":"https:\/\/cannabee.net\/wp-content\/uploads\/2020\/04\/Untitled-design.png","width":500,"height":500,"caption":"Cannabee.net"},"image":{"@id":"https:\/\/cannabee.net\/#\/schema\/logo\/image\/"}},{"@type":"WebSite","@id":"https:\/\/cannabee.net\/#website","url":"https:\/\/cannabee.net\/","name":"Cannabee","description":"YOUR CBD HUB","publisher":{"@id":"https:\/\/cannabee.net\/#organization"},"potentialAction":[{"@type":"SearchAction","target":{"@type":"EntryPoint","urlTemplate":"https:\/\/cannabee.net\/?s={search_term_string}"},"query-input":"required name=search_term_string"}],"inLanguage":"de"},{"@type":"WebPage","@id":"https:\/\/cannabee.net\/de\/allgemeiner-hinweis\/","url":"https:\/\/cannabee.net\/de\/allgemeiner-hinweis\/","name":"Allgemeiner Hinweis - Cannabee","isPartOf":{"@id":"https:\/\/cannabee.net\/#website"},"datePublished":"2020-04-08T08:55:23+00:00","dateModified":"2020-06-04T09:12:20+00:00","breadcrumb":{"@id":"https:\/\/cannabee.net\/de\/allgemeiner-hinweis\/#breadcrumb"},"inLanguage":"de","potentialAction":[{"@type":"ReadAction","target":["https:\/\/cannabee.net\/de\/allgemeiner-hinweis\/"]}]},{"@type":"BreadcrumbList","@id":"https:\/\/cannabee.net\/de\/allgemeiner-hinweis\/#breadcrumb","itemListElement":[{"@type":"ListItem","position":1,"name":"Allgemeiner Hinweis"}]}]}},"coauthors":[],"author_meta":{"author_link":"https:\/\/cannabee.net\/de\/author\/hazelreynolds95\/","display_name":"Maxwell Harris"},"relative_dates":{"created":"Posted 6\u00a0Jahren ago","modified":"Updated 6\u00a0Jahren ago"},"absolute_dates":{"created":"Posted on April 8, 2020","modified":"Updated on Juni 4, 2020"},"absolute_dates_time":{"created":"Posted on April 8, 2020 8:55 a.m.","modified":"Updated on Juni 4, 2020 9:12 a.m."},"featured_img_caption":"","featured_img":false,"series_order":"","_links":{"self":[{"href":"https:\/\/cannabee.net\/de\/wp-json\/wp\/v2\/pages\/2017"}],"collection":[{"href":"https:\/\/cannabee.net\/de\/wp-json\/wp\/v2\/pages"}],"about":[{"href":"https:\/\/cannabee.net\/de\/wp-json\/wp\/v2\/types\/page"}],"author":[{"embeddable":true,"href":"https:\/\/cannabee.net\/de\/wp-json\/wp\/v2\/users\/1"}],"replies":[{"embeddable":true,"href":"https:\/\/cannabee.net\/de\/wp-json\/wp\/v2\/comments?post=2017"}],"version-history":[{"count":1,"href":"https:\/\/cannabee.net\/de\/wp-json\/wp\/v2\/pages\/2017\/revisions"}],"predecessor-version":[{"id":3944,"href":"https:\/\/cannabee.net\/de\/wp-json\/wp\/v2\/pages\/2017\/revisions\/3944"}],"wp:attachment":[{"href":"https:\/\/cannabee.net\/de\/wp-json\/wp\/v2\/media?parent=2017"}],"curies":[{"name":"wp","href":"https:\/\/api.w.org\/{rel}","templated":true}]}}