{"id":2142,"date":"2020-04-09T07:57:08","date_gmt":"2020-04-09T07:57:08","guid":{"rendered":"https:\/\/cannabee.net\/ueber-uns\/"},"modified":"2020-04-09T07:57:08","modified_gmt":"2020-04-09T07:57:08","slug":"ueber-uns","status":"publish","type":"page","link":"https:\/\/cannabee.net\/de\/ueber-uns\/","title":{"rendered":"\u00dcber uns"},"content":{"rendered":"<h2>Unsere Mission und Vision<\/h2>\n<p>Cannabee.net m\u00f6chte das Bewusstsein f\u00fcr CBD-\u00d6l und seine Wirkung sch\u00e4rfen und verbessern und es f\u00fcr alle, die sich f\u00fcr dieses Thema interessieren, leicht verst\u00e4ndlich machen.<\/p>\n<p>Die notwendigen Schritte hierf\u00fcr sind uns von Cannabee.net ebenfalls klar: Wir werden das relevanteste und aktuellste Wissen \u00fcber CBD (und CBD-\u00d6l) an unsere Leser weitergeben. W\u00e4hrend der Erstellung dieser Informationsseite sind wir \u00e4u\u00dferst quellenkritisch, damit Sie das Wissen erhalten, das Sie ben\u00f6tigen.<\/p>\n<p>Wir m\u00f6chten Sie \u00fcber rechtliche Fragen in Bezug auf Hanf, Cannabis und CBD auf dem Laufenden halten und werden daher niemals den Kauf von CBD-\u00d6l auf dem illegalen Markt f\u00f6rdern. Alle auf dieser Website pr\u00e4sentierten Empfehlungen von Anbietern basieren auf pers\u00f6nlichen Erfahrungen und eingehenden Untersuchungen.<\/p>\n","protected":false},"excerpt":{"rendered":"<p>Unsere Mission und Vision Cannabee.net m\u00f6chte das Bewusstsein f\u00fcr CBD-\u00d6l und seine Wirkung sch\u00e4rfen und verbessern und es f\u00fcr alle, die sich f\u00fcr dieses Thema interessieren, leicht verst\u00e4ndlich machen. Die notwendigen Schritte hierf\u00fcr sind uns von Cannabee.net ebenfalls klar: Wir<\/p>\n","protected":false},"author":1,"featured_media":0,"parent":0,"menu_order":0,"comment_status":"closed","ping_status":"closed","template":"","meta":{"advgb_blocks_editor_width":"","advgb_blocks_columns_visual_guide":"","_lmt_disableupdate":"","_lmt_disable":""},"yoast_head":"<!-- This site is optimized with the Yoast SEO plugin v19.4 - https:\/\/yoast.com\/wordpress\/plugins\/seo\/ -->\n<title>\u00dcber uns - Cannabee<\/title>\n<meta name=\"robots\" content=\"index, follow, max-snippet:-1, max-image-preview:large, max-video-preview:-1\" \/>\n<link rel=\"canonical\" href=\"https:\/\/cannabee.net\/de\/ueber-uns\/\" \/>\n<meta property=\"og:locale\" content=\"de_DE\" \/>\n<meta property=\"og:type\" content=\"article\" \/>\n<meta property=\"og:title\" content=\"\u00dcber uns - Cannabee\" \/>\n<meta property=\"og:description\" content=\"Unsere Mission und Vision Cannabee.net m\u00f6chte das Bewusstsein f\u00fcr CBD-\u00d6l und seine Wirkung sch\u00e4rfen und verbessern und es f\u00fcr alle, die sich f\u00fcr dieses Thema interessieren, leicht verst\u00e4ndlich machen. Die notwendigen Schritte hierf\u00fcr sind uns von Cannabee.net ebenfalls klar: Wir\" \/>\n<meta property=\"og:url\" content=\"https:\/\/cannabee.net\/de\/ueber-uns\/\" \/>\n<meta property=\"og:site_name\" content=\"Cannabee\" \/>\n<meta property=\"article:publisher\" content=\"https:\/\/www.facebook.com\/cannabe.net\/\" \/>\n<meta name=\"twitter:card\" content=\"summary_large_image\" \/>\n<meta name=\"twitter:label1\" content=\"Gesch\u00e4tzte Lesezeit\" \/>\n\t<meta name=\"twitter:data1\" content=\"1\u00a0Minute\" \/>\n<script type=\"application\/ld+json\" class=\"yoast-schema-graph\">{\"@context\":\"https:\/\/schema.org\",\"@graph\":[{\"@type\":\"Organization\",\"@id\":\"https:\/\/cannabee.net\/#organization\",\"name\":\"Cannabee.net\",\"url\":\"https:\/\/cannabee.net\/\",\"sameAs\":[\"https:\/\/www.facebook.com\/cannabe.net\/\"],\"logo\":{\"@type\":\"ImageObject\",\"inLanguage\":\"de\",\"@id\":\"https:\/\/cannabee.net\/#\/schema\/logo\/image\/\",\"url\":\"https:\/\/cannabee.net\/wp-content\/uploads\/2020\/04\/Untitled-design.png\",\"contentUrl\":\"https:\/\/cannabee.net\/wp-content\/uploads\/2020\/04\/Untitled-design.png\",\"width\":500,\"height\":500,\"caption\":\"Cannabee.net\"},\"image\":{\"@id\":\"https:\/\/cannabee.net\/#\/schema\/logo\/image\/\"}},{\"@type\":\"WebSite\",\"@id\":\"https:\/\/cannabee.net\/#website\",\"url\":\"https:\/\/cannabee.net\/\",\"name\":\"Cannabee\",\"description\":\"YOUR CBD HUB\",\"publisher\":{\"@id\":\"https:\/\/cannabee.net\/#organization\"},\"potentialAction\":[{\"@type\":\"SearchAction\",\"target\":{\"@type\":\"EntryPoint\",\"urlTemplate\":\"https:\/\/cannabee.net\/?s={search_term_string}\"},\"query-input\":\"required name=search_term_string\"}],\"inLanguage\":\"de\"},{\"@type\":\"WebPage\",\"@id\":\"https:\/\/cannabee.net\/de\/ueber-uns\/\",\"url\":\"https:\/\/cannabee.net\/de\/ueber-uns\/\",\"name\":\"\u00dcber uns - Cannabee\",\"isPartOf\":{\"@id\":\"https:\/\/cannabee.net\/#website\"},\"datePublished\":\"2020-04-09T07:57:08+00:00\",\"dateModified\":\"2020-04-09T07:57:08+00:00\",\"breadcrumb\":{\"@id\":\"https:\/\/cannabee.net\/de\/ueber-uns\/#breadcrumb\"},\"inLanguage\":\"de\",\"potentialAction\":[{\"@type\":\"ReadAction\",\"target\":[\"https:\/\/cannabee.net\/de\/ueber-uns\/\"]}]},{\"@type\":\"BreadcrumbList\",\"@id\":\"https:\/\/cannabee.net\/de\/ueber-uns\/#breadcrumb\",\"itemListElement\":[{\"@type\":\"ListItem\",\"position\":1,\"name\":\"\u00dcber uns\"}]}]}<\/script>\n<!-- \/ Yoast SEO plugin. -->","yoast_head_json":{"title":"\u00dcber uns - Cannabee","robots":{"index":"index","follow":"follow","max-snippet":"max-snippet:-1","max-image-preview":"max-image-preview:large","max-video-preview":"max-video-preview:-1"},"canonical":"https:\/\/cannabee.net\/de\/ueber-uns\/","og_locale":"de_DE","og_type":"article","og_title":"\u00dcber uns - Cannabee","og_description":"Unsere Mission und Vision Cannabee.net m\u00f6chte das Bewusstsein f\u00fcr CBD-\u00d6l und seine Wirkung sch\u00e4rfen und verbessern und es f\u00fcr alle, die sich f\u00fcr dieses Thema interessieren, leicht verst\u00e4ndlich machen. Die notwendigen Schritte hierf\u00fcr sind uns von Cannabee.net ebenfalls klar: Wir","og_url":"https:\/\/cannabee.net\/de\/ueber-uns\/","og_site_name":"Cannabee","article_publisher":"https:\/\/www.facebook.com\/cannabe.net\/","twitter_card":"summary_large_image","twitter_misc":{"Gesch\u00e4tzte Lesezeit":"1\u00a0Minute"},"schema":{"@context":"https:\/\/schema.org","@graph":[{"@type":"Organization","@id":"https:\/\/cannabee.net\/#organization","name":"Cannabee.net","url":"https:\/\/cannabee.net\/","sameAs":["https:\/\/www.facebook.com\/cannabe.net\/"],"logo":{"@type":"ImageObject","inLanguage":"de","@id":"https:\/\/cannabee.net\/#\/schema\/logo\/image\/","url":"https:\/\/cannabee.net\/wp-content\/uploads\/2020\/04\/Untitled-design.png","contentUrl":"https:\/\/cannabee.net\/wp-content\/uploads\/2020\/04\/Untitled-design.png","width":500,"height":500,"caption":"Cannabee.net"},"image":{"@id":"https:\/\/cannabee.net\/#\/schema\/logo\/image\/"}},{"@type":"WebSite","@id":"https:\/\/cannabee.net\/#website","url":"https:\/\/cannabee.net\/","name":"Cannabee","description":"YOUR CBD HUB","publisher":{"@id":"https:\/\/cannabee.net\/#organization"},"potentialAction":[{"@type":"SearchAction","target":{"@type":"EntryPoint","urlTemplate":"https:\/\/cannabee.net\/?s={search_term_string}"},"query-input":"required name=search_term_string"}],"inLanguage":"de"},{"@type":"WebPage","@id":"https:\/\/cannabee.net\/de\/ueber-uns\/","url":"https:\/\/cannabee.net\/de\/ueber-uns\/","name":"\u00dcber uns - Cannabee","isPartOf":{"@id":"https:\/\/cannabee.net\/#website"},"datePublished":"2020-04-09T07:57:08+00:00","dateModified":"2020-04-09T07:57:08+00:00","breadcrumb":{"@id":"https:\/\/cannabee.net\/de\/ueber-uns\/#breadcrumb"},"inLanguage":"de","potentialAction":[{"@type":"ReadAction","target":["https:\/\/cannabee.net\/de\/ueber-uns\/"]}]},{"@type":"BreadcrumbList","@id":"https:\/\/cannabee.net\/de\/ueber-uns\/#breadcrumb","itemListElement":[{"@type":"ListItem","position":1,"name":"\u00dcber uns"}]}]}},"coauthors":[],"author_meta":{"author_link":"https:\/\/cannabee.net\/de\/author\/hazelreynolds95\/","display_name":"Maxwell Harris"},"relative_dates":{"created":"Posted 6\u00a0Jahren ago","modified":"Updated 6\u00a0Jahren ago"},"absolute_dates":{"created":"Posted on April 9, 2020","modified":"Updated on April 9, 2020"},"absolute_dates_time":{"created":"Posted on April 9, 2020 7:57 a.m.","modified":"Updated on April 9, 2020 7:57 a.m."},"featured_img_caption":"","featured_img":false,"series_order":"","_links":{"self":[{"href":"https:\/\/cannabee.net\/de\/wp-json\/wp\/v2\/pages\/2142"}],"collection":[{"href":"https:\/\/cannabee.net\/de\/wp-json\/wp\/v2\/pages"}],"about":[{"href":"https:\/\/cannabee.net\/de\/wp-json\/wp\/v2\/types\/page"}],"author":[{"embeddable":true,"href":"https:\/\/cannabee.net\/de\/wp-json\/wp\/v2\/users\/1"}],"replies":[{"embeddable":true,"href":"https:\/\/cannabee.net\/de\/wp-json\/wp\/v2\/comments?post=2142"}],"version-history":[{"count":0,"href":"https:\/\/cannabee.net\/de\/wp-json\/wp\/v2\/pages\/2142\/revisions"}],"wp:attachment":[{"href":"https:\/\/cannabee.net\/de\/wp-json\/wp\/v2\/media?parent=2142"}],"curies":[{"name":"wp","href":"https:\/\/api.w.org\/{rel}","templated":true}]}}