{"id":2019,"date":"2020-04-08T08:56:59","date_gmt":"2020-04-08T08:56:59","guid":{"rendered":"https:\/\/cannabee.net\/descargo-de-responsabilidad\/"},"modified":"2020-06-04T09:12:52","modified_gmt":"2020-06-04T09:12:52","slug":"descargo-de-responsabilidad","status":"publish","type":"page","link":"https:\/\/cannabee.net\/es\/descargo-de-responsabilidad\/","title":{"rendered":"Descargo de responsabilidad"},"content":{"rendered":"<p>Cannabee y nuestros autores no aceptan ninguna responsabilidad por cualquier inconveniente o da\u00f1o derivado del uso de la informaci\u00f3n aqu\u00ed presentada.<\/p>\n<p>Nuestros textos no sustituyen en modo alguno al asesoramiento profesional de un m\u00e9dico o farmac\u00e9utico y no pueden utilizarse como base para un diagn\u00f3stico independiente ni para el inicio, la modificaci\u00f3n o la terminaci\u00f3n del tratamiento de enfermedades. Si tiene preguntas o quejas sobre su salud, siempre consulte a un m\u00e9dico de confianza.<\/p>\n<p>Los contenidos de libre acceso de este sitio web han sido creados con el mayor esmero posible y tienen una finalidad exclusivamente informativa sobre el tema. Sin embargo, el proveedor de este sitio web no asume ninguna responsabilidad por la exactitud, puntualidad e integridad de los textos y contenidos proporcionados. No representan una recomendaci\u00f3n de los m\u00e9todos de diagn\u00f3stico, tratamientos o medicamentos descritos o mencionados y no tienen la intenci\u00f3n de servir como publicidad.<\/p>\n","protected":false},"excerpt":{"rendered":"<p>Cannabee y nuestros autores no aceptan ninguna responsabilidad por cualquier inconveniente o da\u00f1o derivado del uso de la informaci\u00f3n aqu\u00ed presentada. Nuestros textos no sustituyen en modo alguno al asesoramiento profesional de un m\u00e9dico o farmac\u00e9utico y no pueden utilizarse<\/p>\n","protected":false},"author":1,"featured_media":0,"parent":0,"menu_order":0,"comment_status":"closed","ping_status":"closed","template":"","meta":{"advgb_blocks_editor_width":"","advgb_blocks_columns_visual_guide":"","_lmt_disableupdate":"","_lmt_disable":""},"yoast_head":"<!-- This site is optimized with the Yoast SEO plugin v19.4 - https:\/\/yoast.com\/wordpress\/plugins\/seo\/ -->\n<title>Descargo de responsabilidad - Cannabee<\/title>\n<meta name=\"robots\" content=\"index, follow, max-snippet:-1, max-image-preview:large, max-video-preview:-1\" \/>\n<link rel=\"canonical\" href=\"https:\/\/cannabee.net\/es\/descargo-de-responsabilidad\/\" \/>\n<meta property=\"og:locale\" content=\"es_ES\" \/>\n<meta property=\"og:type\" content=\"article\" \/>\n<meta property=\"og:title\" content=\"Descargo de responsabilidad - Cannabee\" \/>\n<meta property=\"og:description\" content=\"Cannabee y nuestros autores no aceptan ninguna responsabilidad por cualquier inconveniente o da\u00f1o derivado del uso de la informaci\u00f3n aqu\u00ed presentada. Nuestros textos no sustituyen en modo alguno al asesoramiento profesional de un m\u00e9dico o farmac\u00e9utico y no pueden utilizarse\" \/>\n<meta property=\"og:url\" content=\"https:\/\/cannabee.net\/es\/descargo-de-responsabilidad\/\" \/>\n<meta property=\"og:site_name\" content=\"Cannabee\" \/>\n<meta property=\"article:publisher\" content=\"https:\/\/www.facebook.com\/cannabe.net\/\" \/>\n<meta property=\"article:modified_time\" content=\"2020-06-04T09:12:52+00:00\" \/>\n<meta name=\"twitter:card\" content=\"summary_large_image\" \/>\n<meta name=\"twitter:label1\" content=\"Tiempo de lectura\" \/>\n\t<meta name=\"twitter:data1\" content=\"1 minuto\" \/>\n<script type=\"application\/ld+json\" class=\"yoast-schema-graph\">{\"@context\":\"https:\/\/schema.org\",\"@graph\":[{\"@type\":\"Organization\",\"@id\":\"https:\/\/cannabee.net\/#organization\",\"name\":\"Cannabee.net\",\"url\":\"https:\/\/cannabee.net\/\",\"sameAs\":[\"https:\/\/www.facebook.com\/cannabe.net\/\"],\"logo\":{\"@type\":\"ImageObject\",\"inLanguage\":\"es\",\"@id\":\"https:\/\/cannabee.net\/#\/schema\/logo\/image\/\",\"url\":\"https:\/\/cannabee.net\/wp-content\/uploads\/2020\/04\/Untitled-design.png\",\"contentUrl\":\"https:\/\/cannabee.net\/wp-content\/uploads\/2020\/04\/Untitled-design.png\",\"width\":500,\"height\":500,\"caption\":\"Cannabee.net\"},\"image\":{\"@id\":\"https:\/\/cannabee.net\/#\/schema\/logo\/image\/\"}},{\"@type\":\"WebSite\",\"@id\":\"https:\/\/cannabee.net\/#website\",\"url\":\"https:\/\/cannabee.net\/\",\"name\":\"Cannabee\",\"description\":\"YOUR CBD HUB\",\"publisher\":{\"@id\":\"https:\/\/cannabee.net\/#organization\"},\"potentialAction\":[{\"@type\":\"SearchAction\",\"target\":{\"@type\":\"EntryPoint\",\"urlTemplate\":\"https:\/\/cannabee.net\/?s={search_term_string}\"},\"query-input\":\"required name=search_term_string\"}],\"inLanguage\":\"es\"},{\"@type\":\"WebPage\",\"@id\":\"https:\/\/cannabee.net\/es\/descargo-de-responsabilidad\/\",\"url\":\"https:\/\/cannabee.net\/es\/descargo-de-responsabilidad\/\",\"name\":\"Descargo de responsabilidad - Cannabee\",\"isPartOf\":{\"@id\":\"https:\/\/cannabee.net\/#website\"},\"datePublished\":\"2020-04-08T08:56:59+00:00\",\"dateModified\":\"2020-06-04T09:12:52+00:00\",\"breadcrumb\":{\"@id\":\"https:\/\/cannabee.net\/es\/descargo-de-responsabilidad\/#breadcrumb\"},\"inLanguage\":\"es\",\"potentialAction\":[{\"@type\":\"ReadAction\",\"target\":[\"https:\/\/cannabee.net\/es\/descargo-de-responsabilidad\/\"]}]},{\"@type\":\"BreadcrumbList\",\"@id\":\"https:\/\/cannabee.net\/es\/descargo-de-responsabilidad\/#breadcrumb\",\"itemListElement\":[{\"@type\":\"ListItem\",\"position\":1,\"name\":\"Descargo de responsabilidad\"}]}]}<\/script>\n<!-- \/ Yoast SEO plugin. -->","yoast_head_json":{"title":"Descargo de responsabilidad - Cannabee","robots":{"index":"index","follow":"follow","max-snippet":"max-snippet:-1","max-image-preview":"max-image-preview:large","max-video-preview":"max-video-preview:-1"},"canonical":"https:\/\/cannabee.net\/es\/descargo-de-responsabilidad\/","og_locale":"es_ES","og_type":"article","og_title":"Descargo de responsabilidad - Cannabee","og_description":"Cannabee y nuestros autores no aceptan ninguna responsabilidad por cualquier inconveniente o da\u00f1o derivado del uso de la informaci\u00f3n aqu\u00ed presentada. Nuestros textos no sustituyen en modo alguno al asesoramiento profesional de un m\u00e9dico o farmac\u00e9utico y no pueden utilizarse","og_url":"https:\/\/cannabee.net\/es\/descargo-de-responsabilidad\/","og_site_name":"Cannabee","article_publisher":"https:\/\/www.facebook.com\/cannabe.net\/","article_modified_time":"2020-06-04T09:12:52+00:00","twitter_card":"summary_large_image","twitter_misc":{"Tiempo de lectura":"1 minuto"},"schema":{"@context":"https:\/\/schema.org","@graph":[{"@type":"Organization","@id":"https:\/\/cannabee.net\/#organization","name":"Cannabee.net","url":"https:\/\/cannabee.net\/","sameAs":["https:\/\/www.facebook.com\/cannabe.net\/"],"logo":{"@type":"ImageObject","inLanguage":"es","@id":"https:\/\/cannabee.net\/#\/schema\/logo\/image\/","url":"https:\/\/cannabee.net\/wp-content\/uploads\/2020\/04\/Untitled-design.png","contentUrl":"https:\/\/cannabee.net\/wp-content\/uploads\/2020\/04\/Untitled-design.png","width":500,"height":500,"caption":"Cannabee.net"},"image":{"@id":"https:\/\/cannabee.net\/#\/schema\/logo\/image\/"}},{"@type":"WebSite","@id":"https:\/\/cannabee.net\/#website","url":"https:\/\/cannabee.net\/","name":"Cannabee","description":"YOUR CBD HUB","publisher":{"@id":"https:\/\/cannabee.net\/#organization"},"potentialAction":[{"@type":"SearchAction","target":{"@type":"EntryPoint","urlTemplate":"https:\/\/cannabee.net\/?s={search_term_string}"},"query-input":"required name=search_term_string"}],"inLanguage":"es"},{"@type":"WebPage","@id":"https:\/\/cannabee.net\/es\/descargo-de-responsabilidad\/","url":"https:\/\/cannabee.net\/es\/descargo-de-responsabilidad\/","name":"Descargo de responsabilidad - Cannabee","isPartOf":{"@id":"https:\/\/cannabee.net\/#website"},"datePublished":"2020-04-08T08:56:59+00:00","dateModified":"2020-06-04T09:12:52+00:00","breadcrumb":{"@id":"https:\/\/cannabee.net\/es\/descargo-de-responsabilidad\/#breadcrumb"},"inLanguage":"es","potentialAction":[{"@type":"ReadAction","target":["https:\/\/cannabee.net\/es\/descargo-de-responsabilidad\/"]}]},{"@type":"BreadcrumbList","@id":"https:\/\/cannabee.net\/es\/descargo-de-responsabilidad\/#breadcrumb","itemListElement":[{"@type":"ListItem","position":1,"name":"Descargo de responsabilidad"}]}]}},"coauthors":[],"author_meta":{"author_link":"https:\/\/cannabee.net\/es\/author\/hazelreynolds95\/","display_name":"Maxwell Harris"},"relative_dates":{"created":"Publicado 6 a\u00f1os hace","modified":"Actualizado 6 a\u00f1os hace"},"absolute_dates":{"created":"Publicado el abril 8, 2020","modified":"Actualizado el junio 4, 2020"},"absolute_dates_time":{"created":"Publicado el abril 8, 2020 8:56 am","modified":"Actualizado el junio 4, 2020 9:12 am"},"featured_img_caption":"","featured_img":false,"series_order":"","_links":{"self":[{"href":"https:\/\/cannabee.net\/es\/wp-json\/wp\/v2\/pages\/2019"}],"collection":[{"href":"https:\/\/cannabee.net\/es\/wp-json\/wp\/v2\/pages"}],"about":[{"href":"https:\/\/cannabee.net\/es\/wp-json\/wp\/v2\/types\/page"}],"author":[{"embeddable":true,"href":"https:\/\/cannabee.net\/es\/wp-json\/wp\/v2\/users\/1"}],"replies":[{"embeddable":true,"href":"https:\/\/cannabee.net\/es\/wp-json\/wp\/v2\/comments?post=2019"}],"version-history":[{"count":1,"href":"https:\/\/cannabee.net\/es\/wp-json\/wp\/v2\/pages\/2019\/revisions"}],"predecessor-version":[{"id":3947,"href":"https:\/\/cannabee.net\/es\/wp-json\/wp\/v2\/pages\/2019\/revisions\/3947"}],"wp:attachment":[{"href":"https:\/\/cannabee.net\/es\/wp-json\/wp\/v2\/media?parent=2019"}],"curies":[{"name":"wp","href":"https:\/\/api.w.org\/{rel}","templated":true}]}}