{"id":2896,"date":"2020-04-24T14:31:57","date_gmt":"2020-04-24T14:31:57","guid":{"rendered":"https:\/\/cannabee.net\/mentions-legales\/"},"modified":"2020-06-04T09:12:10","modified_gmt":"2020-06-04T09:12:10","slug":"mentions-legales","status":"publish","type":"page","link":"https:\/\/cannabee.net\/fr\/mentions-legales\/","title":{"rendered":"Mentions l\u00e9gales"},"content":{"rendered":"<p>Cannabee.net et nos auteurs d\u00e9clinent toute responsabilit\u00e9 pour les inconv\u00e9nients ou les dommages r\u00e9sultant de l&rsquo;utilisation des informations pr\u00e9sent\u00e9es ici.<\/p>\n<p>Nos textes ne remplacent en aucun cas l&rsquo;avis professionnel d&rsquo;un m\u00e9decin ou d&rsquo;un pharmacien et ne peuvent \u00eatre utilis\u00e9s comme base pour un diagnostic ind\u00e9pendant et le commencement, la modification ou l&rsquo;arr\u00eat du traitement de maladies. Si vous avez des questions ou des pr\u00e9occupations concernant votre sant\u00e9, consultez toujours un m\u00e9decin en qui vous avez confiance !<\/p>\n<p>Les contenus librement accessibles de ce site web ont \u00e9t\u00e9 cr\u00e9\u00e9s avec le plus grand soin possible et ont un but exclusivement informatif sur le sujet. Toutefois, le fournisseur de ce site web n&rsquo;assume aucune responsabilit\u00e9 quant \u00e0 l&rsquo;exactitude, l&rsquo;actualit\u00e9 et l&rsquo;exhaustivit\u00e9 des textes et des contenus fournis. Ils ne repr\u00e9sentent pas une recommandation des m\u00e9thodes de diagnostic, des traitements ou des m\u00e9dicaments d\u00e9crits ou mentionn\u00e9s et ne sont pas destin\u00e9s \u00e0 servir de publicit\u00e9.<\/p>\n","protected":false},"excerpt":{"rendered":"<p>Cannabee.net et nos auteurs d\u00e9clinent toute responsabilit\u00e9 pour les inconv\u00e9nients ou les dommages r\u00e9sultant de l&rsquo;utilisation des informations pr\u00e9sent\u00e9es ici. Nos textes ne remplacent en aucun cas l&rsquo;avis professionnel d&rsquo;un m\u00e9decin ou d&rsquo;un pharmacien et ne peuvent \u00eatre utilis\u00e9s comme<\/p>\n","protected":false},"author":1,"featured_media":0,"parent":0,"menu_order":0,"comment_status":"closed","ping_status":"closed","template":"","meta":{"advgb_blocks_editor_width":"","advgb_blocks_columns_visual_guide":"","_lmt_disableupdate":"","_lmt_disable":""},"yoast_head":"<!-- This site is optimized with the Yoast SEO plugin v19.4 - https:\/\/yoast.com\/wordpress\/plugins\/seo\/ -->\n<title>Mentions l\u00e9gales - Cannabee<\/title>\n<meta name=\"robots\" content=\"index, follow, max-snippet:-1, max-image-preview:large, max-video-preview:-1\" \/>\n<link rel=\"canonical\" href=\"https:\/\/cannabee.net\/fr\/mentions-legales\/\" \/>\n<meta property=\"og:locale\" content=\"fr_FR\" \/>\n<meta property=\"og:type\" content=\"article\" \/>\n<meta property=\"og:title\" content=\"Mentions l\u00e9gales - Cannabee\" \/>\n<meta property=\"og:description\" content=\"Cannabee.net et nos auteurs d\u00e9clinent toute responsabilit\u00e9 pour les inconv\u00e9nients ou les dommages r\u00e9sultant de l&rsquo;utilisation des informations pr\u00e9sent\u00e9es ici. Nos textes ne remplacent en aucun cas l&rsquo;avis professionnel d&rsquo;un m\u00e9decin ou d&rsquo;un pharmacien et ne peuvent \u00eatre utilis\u00e9s comme\" \/>\n<meta property=\"og:url\" content=\"https:\/\/cannabee.net\/fr\/mentions-legales\/\" \/>\n<meta property=\"og:site_name\" content=\"Cannabee\" \/>\n<meta property=\"article:publisher\" content=\"https:\/\/www.facebook.com\/cannabe.net\/\" \/>\n<meta property=\"article:modified_time\" content=\"2020-06-04T09:12:10+00:00\" \/>\n<meta name=\"twitter:card\" content=\"summary_large_image\" \/>\n<meta name=\"twitter:label1\" content=\"Dur\u00e9e de lecture estim\u00e9e\" \/>\n\t<meta name=\"twitter:data1\" content=\"1 minute\" \/>\n<script type=\"application\/ld+json\" class=\"yoast-schema-graph\">{\"@context\":\"https:\/\/schema.org\",\"@graph\":[{\"@type\":\"Organization\",\"@id\":\"https:\/\/cannabee.net\/#organization\",\"name\":\"Cannabee.net\",\"url\":\"https:\/\/cannabee.net\/\",\"sameAs\":[\"https:\/\/www.facebook.com\/cannabe.net\/\"],\"logo\":{\"@type\":\"ImageObject\",\"inLanguage\":\"fr-FR\",\"@id\":\"https:\/\/cannabee.net\/#\/schema\/logo\/image\/\",\"url\":\"https:\/\/cannabee.net\/wp-content\/uploads\/2020\/04\/Untitled-design.png\",\"contentUrl\":\"https:\/\/cannabee.net\/wp-content\/uploads\/2020\/04\/Untitled-design.png\",\"width\":500,\"height\":500,\"caption\":\"Cannabee.net\"},\"image\":{\"@id\":\"https:\/\/cannabee.net\/#\/schema\/logo\/image\/\"}},{\"@type\":\"WebSite\",\"@id\":\"https:\/\/cannabee.net\/#website\",\"url\":\"https:\/\/cannabee.net\/\",\"name\":\"Cannabee\",\"description\":\"YOUR CBD HUB\",\"publisher\":{\"@id\":\"https:\/\/cannabee.net\/#organization\"},\"potentialAction\":[{\"@type\":\"SearchAction\",\"target\":{\"@type\":\"EntryPoint\",\"urlTemplate\":\"https:\/\/cannabee.net\/?s={search_term_string}\"},\"query-input\":\"required name=search_term_string\"}],\"inLanguage\":\"fr-FR\"},{\"@type\":\"WebPage\",\"@id\":\"https:\/\/cannabee.net\/fr\/mentions-legales\/\",\"url\":\"https:\/\/cannabee.net\/fr\/mentions-legales\/\",\"name\":\"Mentions l\u00e9gales - Cannabee\",\"isPartOf\":{\"@id\":\"https:\/\/cannabee.net\/#website\"},\"datePublished\":\"2020-04-24T14:31:57+00:00\",\"dateModified\":\"2020-06-04T09:12:10+00:00\",\"breadcrumb\":{\"@id\":\"https:\/\/cannabee.net\/fr\/mentions-legales\/#breadcrumb\"},\"inLanguage\":\"fr-FR\",\"potentialAction\":[{\"@type\":\"ReadAction\",\"target\":[\"https:\/\/cannabee.net\/fr\/mentions-legales\/\"]}]},{\"@type\":\"BreadcrumbList\",\"@id\":\"https:\/\/cannabee.net\/fr\/mentions-legales\/#breadcrumb\",\"itemListElement\":[{\"@type\":\"ListItem\",\"position\":1,\"name\":\"Mentions l\u00e9gales\"}]}]}<\/script>\n<!-- \/ Yoast SEO plugin. -->","yoast_head_json":{"title":"Mentions l\u00e9gales - Cannabee","robots":{"index":"index","follow":"follow","max-snippet":"max-snippet:-1","max-image-preview":"max-image-preview:large","max-video-preview":"max-video-preview:-1"},"canonical":"https:\/\/cannabee.net\/fr\/mentions-legales\/","og_locale":"fr_FR","og_type":"article","og_title":"Mentions l\u00e9gales - Cannabee","og_description":"Cannabee.net et nos auteurs d\u00e9clinent toute responsabilit\u00e9 pour les inconv\u00e9nients ou les dommages r\u00e9sultant de l&rsquo;utilisation des informations pr\u00e9sent\u00e9es ici. Nos textes ne remplacent en aucun cas l&rsquo;avis professionnel d&rsquo;un m\u00e9decin ou d&rsquo;un pharmacien et ne peuvent \u00eatre utilis\u00e9s comme","og_url":"https:\/\/cannabee.net\/fr\/mentions-legales\/","og_site_name":"Cannabee","article_publisher":"https:\/\/www.facebook.com\/cannabe.net\/","article_modified_time":"2020-06-04T09:12:10+00:00","twitter_card":"summary_large_image","twitter_misc":{"Dur\u00e9e de lecture estim\u00e9e":"1 minute"},"schema":{"@context":"https:\/\/schema.org","@graph":[{"@type":"Organization","@id":"https:\/\/cannabee.net\/#organization","name":"Cannabee.net","url":"https:\/\/cannabee.net\/","sameAs":["https:\/\/www.facebook.com\/cannabe.net\/"],"logo":{"@type":"ImageObject","inLanguage":"fr-FR","@id":"https:\/\/cannabee.net\/#\/schema\/logo\/image\/","url":"https:\/\/cannabee.net\/wp-content\/uploads\/2020\/04\/Untitled-design.png","contentUrl":"https:\/\/cannabee.net\/wp-content\/uploads\/2020\/04\/Untitled-design.png","width":500,"height":500,"caption":"Cannabee.net"},"image":{"@id":"https:\/\/cannabee.net\/#\/schema\/logo\/image\/"}},{"@type":"WebSite","@id":"https:\/\/cannabee.net\/#website","url":"https:\/\/cannabee.net\/","name":"Cannabee","description":"YOUR CBD HUB","publisher":{"@id":"https:\/\/cannabee.net\/#organization"},"potentialAction":[{"@type":"SearchAction","target":{"@type":"EntryPoint","urlTemplate":"https:\/\/cannabee.net\/?s={search_term_string}"},"query-input":"required name=search_term_string"}],"inLanguage":"fr-FR"},{"@type":"WebPage","@id":"https:\/\/cannabee.net\/fr\/mentions-legales\/","url":"https:\/\/cannabee.net\/fr\/mentions-legales\/","name":"Mentions l\u00e9gales - Cannabee","isPartOf":{"@id":"https:\/\/cannabee.net\/#website"},"datePublished":"2020-04-24T14:31:57+00:00","dateModified":"2020-06-04T09:12:10+00:00","breadcrumb":{"@id":"https:\/\/cannabee.net\/fr\/mentions-legales\/#breadcrumb"},"inLanguage":"fr-FR","potentialAction":[{"@type":"ReadAction","target":["https:\/\/cannabee.net\/fr\/mentions-legales\/"]}]},{"@type":"BreadcrumbList","@id":"https:\/\/cannabee.net\/fr\/mentions-legales\/#breadcrumb","itemListElement":[{"@type":"ListItem","position":1,"name":"Mentions l\u00e9gales"}]}]}},"coauthors":[],"author_meta":{"author_link":"https:\/\/cannabee.net\/fr\/author\/hazelreynolds95\/","display_name":"Maxwell Harris"},"relative_dates":{"created":"Publi\u00e9 6 ans il y a","modified":"Mis \u00e0 jour 6 ans il y a"},"absolute_dates":{"created":"Publi\u00e9 le avril 24, 2020","modified":"Mise \u00e0 jour le juin 4, 2020"},"absolute_dates_time":{"created":"Publi\u00e9 le avril 24, 2020 2:31  ","modified":"Mise \u00e0 jour le juin 4, 2020 9:12  "},"featured_img_caption":"","featured_img":false,"series_order":"","_links":{"self":[{"href":"https:\/\/cannabee.net\/fr\/wp-json\/wp\/v2\/pages\/2896"}],"collection":[{"href":"https:\/\/cannabee.net\/fr\/wp-json\/wp\/v2\/pages"}],"about":[{"href":"https:\/\/cannabee.net\/fr\/wp-json\/wp\/v2\/types\/page"}],"author":[{"embeddable":true,"href":"https:\/\/cannabee.net\/fr\/wp-json\/wp\/v2\/users\/1"}],"replies":[{"embeddable":true,"href":"https:\/\/cannabee.net\/fr\/wp-json\/wp\/v2\/comments?post=2896"}],"version-history":[{"count":1,"href":"https:\/\/cannabee.net\/fr\/wp-json\/wp\/v2\/pages\/2896\/revisions"}],"predecessor-version":[{"id":3942,"href":"https:\/\/cannabee.net\/fr\/wp-json\/wp\/v2\/pages\/2896\/revisions\/3942"}],"wp:attachment":[{"href":"https:\/\/cannabee.net\/fr\/wp-json\/wp\/v2\/media?parent=2896"}],"curies":[{"name":"wp","href":"https:\/\/api.w.org\/{rel}","templated":true}]}}