{"id":2900,"date":"2020-04-24T14:39:54","date_gmt":"2020-04-24T14:39:54","guid":{"rendered":"https:\/\/cannabee.net\/a-propos-de-nous\/"},"modified":"2020-04-24T14:39:54","modified_gmt":"2020-04-24T14:39:54","slug":"a-propos-de-nous","status":"publish","type":"page","link":"https:\/\/cannabee.net\/fr\/a-propos-de-nous\/","title":{"rendered":"\u00c0 propos de nous"},"content":{"rendered":"<p>Notre mission et notre vision<\/p>\n<p>Cannabee.net veut sensibiliser et am\u00e9liorer la connaissance de l&rsquo;huile de CBD et de ses bienfaits ainsi que la rendre compr\u00e9hensible pour toute personne int\u00e9ress\u00e9e par ce sujet.<br \/>\nLe plan d&rsquo;action de Cannabee.net est \u00e9galement clair : nous transmettrons \u00e0 nos lecteurs les connaissances les plus pertinentes et les plus r\u00e9centes sur le CBD (et sur l&rsquo;huile de CBD). Lors de la construction de ce site d&rsquo;information et de la r\u00e9daction des articles, nous sommes extr\u00eamement critiques quant \u00e0 la source afin que vous puissiez obtenir les connaissances dont vous avez besoin.<br \/>\nNous voulons vous tenir inform\u00e9s de toute question juridique concernant le chanvre, le cannabis et le CBD, et nous encourageons donc jamais l&rsquo;achat d&rsquo;huile de CBD sur le march\u00e9 ill\u00e9gal. Toutes les recommandations de vendeurs pr\u00e9sent\u00e9es sur ce site web sont bas\u00e9es sur des exp\u00e9riences personnelles et des recherches approfondies.<\/p>\n","protected":false},"excerpt":{"rendered":"<p>Notre mission et notre vision Cannabee.net veut sensibiliser et am\u00e9liorer la connaissance de l&rsquo;huile de CBD et de ses bienfaits ainsi que la rendre compr\u00e9hensible pour toute personne int\u00e9ress\u00e9e par ce sujet. Le plan d&rsquo;action de Cannabee.net est \u00e9galement clair<\/p>\n","protected":false},"author":1,"featured_media":0,"parent":0,"menu_order":0,"comment_status":"closed","ping_status":"closed","template":"","meta":{"advgb_blocks_editor_width":"","advgb_blocks_columns_visual_guide":"","_lmt_disableupdate":"","_lmt_disable":""},"yoast_head":"<!-- This site is optimized with the Yoast SEO plugin v19.4 - https:\/\/yoast.com\/wordpress\/plugins\/seo\/ -->\n<title>\u00c0 propos de nous - Cannabee<\/title>\n<meta name=\"robots\" content=\"index, follow, max-snippet:-1, max-image-preview:large, max-video-preview:-1\" \/>\n<link rel=\"canonical\" href=\"https:\/\/cannabee.net\/fr\/a-propos-de-nous\/\" \/>\n<meta property=\"og:locale\" content=\"fr_FR\" \/>\n<meta property=\"og:type\" content=\"article\" \/>\n<meta property=\"og:title\" content=\"\u00c0 propos de nous - Cannabee\" \/>\n<meta property=\"og:description\" content=\"Notre mission et notre vision Cannabee.net veut sensibiliser et am\u00e9liorer la connaissance de l&rsquo;huile de CBD et de ses bienfaits ainsi que la rendre compr\u00e9hensible pour toute personne int\u00e9ress\u00e9e par ce sujet. Le plan d&rsquo;action de Cannabee.net est \u00e9galement clair\" \/>\n<meta property=\"og:url\" content=\"https:\/\/cannabee.net\/fr\/a-propos-de-nous\/\" \/>\n<meta property=\"og:site_name\" content=\"Cannabee\" \/>\n<meta property=\"article:publisher\" content=\"https:\/\/www.facebook.com\/cannabe.net\/\" \/>\n<meta name=\"twitter:card\" content=\"summary_large_image\" \/>\n<meta name=\"twitter:label1\" content=\"Dur\u00e9e de lecture estim\u00e9e\" \/>\n\t<meta name=\"twitter:data1\" content=\"1 minute\" \/>\n<script type=\"application\/ld+json\" class=\"yoast-schema-graph\">{\"@context\":\"https:\/\/schema.org\",\"@graph\":[{\"@type\":\"Organization\",\"@id\":\"https:\/\/cannabee.net\/#organization\",\"name\":\"Cannabee.net\",\"url\":\"https:\/\/cannabee.net\/\",\"sameAs\":[\"https:\/\/www.facebook.com\/cannabe.net\/\"],\"logo\":{\"@type\":\"ImageObject\",\"inLanguage\":\"fr-FR\",\"@id\":\"https:\/\/cannabee.net\/#\/schema\/logo\/image\/\",\"url\":\"https:\/\/cannabee.net\/wp-content\/uploads\/2020\/04\/Untitled-design.png\",\"contentUrl\":\"https:\/\/cannabee.net\/wp-content\/uploads\/2020\/04\/Untitled-design.png\",\"width\":500,\"height\":500,\"caption\":\"Cannabee.net\"},\"image\":{\"@id\":\"https:\/\/cannabee.net\/#\/schema\/logo\/image\/\"}},{\"@type\":\"WebSite\",\"@id\":\"https:\/\/cannabee.net\/#website\",\"url\":\"https:\/\/cannabee.net\/\",\"name\":\"Cannabee\",\"description\":\"YOUR CBD HUB\",\"publisher\":{\"@id\":\"https:\/\/cannabee.net\/#organization\"},\"potentialAction\":[{\"@type\":\"SearchAction\",\"target\":{\"@type\":\"EntryPoint\",\"urlTemplate\":\"https:\/\/cannabee.net\/?s={search_term_string}\"},\"query-input\":\"required name=search_term_string\"}],\"inLanguage\":\"fr-FR\"},{\"@type\":\"WebPage\",\"@id\":\"https:\/\/cannabee.net\/fr\/a-propos-de-nous\/\",\"url\":\"https:\/\/cannabee.net\/fr\/a-propos-de-nous\/\",\"name\":\"\u00c0 propos de nous - Cannabee\",\"isPartOf\":{\"@id\":\"https:\/\/cannabee.net\/#website\"},\"datePublished\":\"2020-04-24T14:39:54+00:00\",\"dateModified\":\"2020-04-24T14:39:54+00:00\",\"breadcrumb\":{\"@id\":\"https:\/\/cannabee.net\/fr\/a-propos-de-nous\/#breadcrumb\"},\"inLanguage\":\"fr-FR\",\"potentialAction\":[{\"@type\":\"ReadAction\",\"target\":[\"https:\/\/cannabee.net\/fr\/a-propos-de-nous\/\"]}]},{\"@type\":\"BreadcrumbList\",\"@id\":\"https:\/\/cannabee.net\/fr\/a-propos-de-nous\/#breadcrumb\",\"itemListElement\":[{\"@type\":\"ListItem\",\"position\":1,\"name\":\"\u00c0 propos de nous\"}]}]}<\/script>\n<!-- \/ Yoast SEO plugin. -->","yoast_head_json":{"title":"\u00c0 propos de nous - Cannabee","robots":{"index":"index","follow":"follow","max-snippet":"max-snippet:-1","max-image-preview":"max-image-preview:large","max-video-preview":"max-video-preview:-1"},"canonical":"https:\/\/cannabee.net\/fr\/a-propos-de-nous\/","og_locale":"fr_FR","og_type":"article","og_title":"\u00c0 propos de nous - Cannabee","og_description":"Notre mission et notre vision Cannabee.net veut sensibiliser et am\u00e9liorer la connaissance de l&rsquo;huile de CBD et de ses bienfaits ainsi que la rendre compr\u00e9hensible pour toute personne int\u00e9ress\u00e9e par ce sujet. Le plan d&rsquo;action de Cannabee.net est \u00e9galement clair","og_url":"https:\/\/cannabee.net\/fr\/a-propos-de-nous\/","og_site_name":"Cannabee","article_publisher":"https:\/\/www.facebook.com\/cannabe.net\/","twitter_card":"summary_large_image","twitter_misc":{"Dur\u00e9e de lecture estim\u00e9e":"1 minute"},"schema":{"@context":"https:\/\/schema.org","@graph":[{"@type":"Organization","@id":"https:\/\/cannabee.net\/#organization","name":"Cannabee.net","url":"https:\/\/cannabee.net\/","sameAs":["https:\/\/www.facebook.com\/cannabe.net\/"],"logo":{"@type":"ImageObject","inLanguage":"fr-FR","@id":"https:\/\/cannabee.net\/#\/schema\/logo\/image\/","url":"https:\/\/cannabee.net\/wp-content\/uploads\/2020\/04\/Untitled-design.png","contentUrl":"https:\/\/cannabee.net\/wp-content\/uploads\/2020\/04\/Untitled-design.png","width":500,"height":500,"caption":"Cannabee.net"},"image":{"@id":"https:\/\/cannabee.net\/#\/schema\/logo\/image\/"}},{"@type":"WebSite","@id":"https:\/\/cannabee.net\/#website","url":"https:\/\/cannabee.net\/","name":"Cannabee","description":"YOUR CBD HUB","publisher":{"@id":"https:\/\/cannabee.net\/#organization"},"potentialAction":[{"@type":"SearchAction","target":{"@type":"EntryPoint","urlTemplate":"https:\/\/cannabee.net\/?s={search_term_string}"},"query-input":"required name=search_term_string"}],"inLanguage":"fr-FR"},{"@type":"WebPage","@id":"https:\/\/cannabee.net\/fr\/a-propos-de-nous\/","url":"https:\/\/cannabee.net\/fr\/a-propos-de-nous\/","name":"\u00c0 propos de nous - Cannabee","isPartOf":{"@id":"https:\/\/cannabee.net\/#website"},"datePublished":"2020-04-24T14:39:54+00:00","dateModified":"2020-04-24T14:39:54+00:00","breadcrumb":{"@id":"https:\/\/cannabee.net\/fr\/a-propos-de-nous\/#breadcrumb"},"inLanguage":"fr-FR","potentialAction":[{"@type":"ReadAction","target":["https:\/\/cannabee.net\/fr\/a-propos-de-nous\/"]}]},{"@type":"BreadcrumbList","@id":"https:\/\/cannabee.net\/fr\/a-propos-de-nous\/#breadcrumb","itemListElement":[{"@type":"ListItem","position":1,"name":"\u00c0 propos de nous"}]}]}},"coauthors":[],"author_meta":{"author_link":"https:\/\/cannabee.net\/fr\/author\/hazelreynolds95\/","display_name":"Maxwell Harris"},"relative_dates":{"created":"Publi\u00e9 6 ans il y a","modified":"Mis \u00e0 jour 6 ans il y a"},"absolute_dates":{"created":"Publi\u00e9 le avril 24, 2020","modified":"Mise \u00e0 jour le avril 24, 2020"},"absolute_dates_time":{"created":"Publi\u00e9 le avril 24, 2020 2:39  ","modified":"Mise \u00e0 jour le avril 24, 2020 2:39  "},"featured_img_caption":"","featured_img":false,"series_order":"","_links":{"self":[{"href":"https:\/\/cannabee.net\/fr\/wp-json\/wp\/v2\/pages\/2900"}],"collection":[{"href":"https:\/\/cannabee.net\/fr\/wp-json\/wp\/v2\/pages"}],"about":[{"href":"https:\/\/cannabee.net\/fr\/wp-json\/wp\/v2\/types\/page"}],"author":[{"embeddable":true,"href":"https:\/\/cannabee.net\/fr\/wp-json\/wp\/v2\/users\/1"}],"replies":[{"embeddable":true,"href":"https:\/\/cannabee.net\/fr\/wp-json\/wp\/v2\/comments?post=2900"}],"version-history":[{"count":0,"href":"https:\/\/cannabee.net\/fr\/wp-json\/wp\/v2\/pages\/2900\/revisions"}],"wp:attachment":[{"href":"https:\/\/cannabee.net\/fr\/wp-json\/wp\/v2\/media?parent=2900"}],"curies":[{"name":"wp","href":"https:\/\/api.w.org\/{rel}","templated":true}]}}