{"id":1863,"date":"2020-04-06T11:53:18","date_gmt":"2020-04-06T11:53:18","guid":{"rendered":"http:\/\/cannabee.net\/home\/"},"modified":"2021-04-20T11:51:43","modified_gmt":"2021-04-20T11:51:43","slug":"home","status":"publish","type":"page","link":"https:\/\/cannabee.net\/it\/","title":{"rendered":"Home"},"content":{"rendered":"\t\t<div data-elementor-type=\"wp-post\" data-elementor-id=\"1863\" class=\"elementor elementor-1863 elementor-74\">\n\t\t\t\t\t\t<div class=\"elementor-inner\">\n\t\t\t\t<div class=\"elementor-section-wrap\">\n\t\t\t\t\t\t\t\t\t<section class=\"elementor-section elementor-top-section elementor-element elementor-element-cbc19bb elementor-section-stretched elementor-section-boxed elementor-section-height-default elementor-section-height-default\" data-id=\"cbc19bb\" data-element_type=\"section\" data-settings=\"{&quot;stretch_section&quot;:&quot;section-stretched&quot;}\">\n\t\t\t\t\t\t<div class=\"elementor-container elementor-column-gap-default\">\n\t\t\t\t\t\t\t<div class=\"elementor-row\">\n\t\t\t\t\t<div class=\"elementor-column elementor-col-100 elementor-top-column elementor-element elementor-element-00d5e16\" data-id=\"00d5e16\" data-element_type=\"column\">\n\t\t\t<div class=\"elementor-column-wrap elementor-element-populated\">\n\t\t\t\t\t\t\t<div class=\"elementor-widget-wrap\">\n\t\t\t\t\t\t<div class=\"elementor-element elementor-element-05eb213 elementor-search-form--skin-classic elementor-search-form--button-type-icon elementor-search-form--icon-search elementor-widget elementor-widget-search-form\" data-id=\"05eb213\" data-element_type=\"widget\" data-settings=\"{&quot;skin&quot;:&quot;classic&quot;}\" data-widget_type=\"search-form.default\">\n\t\t\t\t<div class=\"elementor-widget-container\">\n\t\t\t\t\t<form class=\"elementor-search-form\" role=\"search\" action=\"https:\/\/cannabee.net\/it\/\" method=\"get\">\n\t\t\t\t\t\t\t\t\t<div class=\"elementor-search-form__container\">\n\t\t\t\t\t\t\t\t<input placeholder=\"Cerca\" class=\"elementor-search-form__input\" type=\"search\" name=\"s\" title=\"Cerca\" value=\"\">\n\t\t\t\t<input type='hidden' name='lang' value='it' \/>\t\t\t\t\t\t\t\t\t<button class=\"elementor-search-form__submit\" type=\"submit\" title=\"Cerca\" aria-label=\"Cerca\">\n\t\t\t\t\t\t\t\t\t\t\t\t\t<i aria-hidden=\"true\" class=\"fas fa-search\"><\/i>\t\t\t\t\t\t\t<span class=\"elementor-screen-only\">Cerca<\/span>\n\t\t\t\t\t\t\t\t\t\t\t<\/button>\n\t\t\t\t\t\t\t\t\t\t\t<\/div>\n\t\t<\/form>\n\t\t\t\t<\/div>\n\t\t\t\t<\/div>\n\t\t\t\t\t\t<\/div>\n\t\t\t\t\t<\/div>\n\t\t<\/div>\n\t\t\t\t\t\t\t\t<\/div>\n\t\t\t\t\t<\/div>\n\t\t<\/section>\n\t\t\t\t<section class=\"elementor-section elementor-top-section elementor-element elementor-element-2945ccb elementor-section-stretched elementor-section-boxed elementor-section-height-default elementor-section-height-default\" data-id=\"2945ccb\" data-element_type=\"section\" data-settings=\"{&quot;background_background&quot;:&quot;classic&quot;,&quot;stretch_section&quot;:&quot;section-stretched&quot;}\">\n\t\t\t\t\t\t\t<div class=\"elementor-background-overlay\"><\/div>\n\t\t\t\t\t\t\t<div class=\"elementor-container elementor-column-gap-default\">\n\t\t\t\t\t\t\t<div class=\"elementor-row\">\n\t\t\t\t\t<div class=\"elementor-column elementor-col-100 elementor-top-column elementor-element elementor-element-bdb7b03\" data-id=\"bdb7b03\" data-element_type=\"column\" data-settings=\"{&quot;background_background&quot;:&quot;gradient&quot;}\">\n\t\t\t<div class=\"elementor-column-wrap elementor-element-populated\">\n\t\t\t\t\t<div class=\"elementor-background-overlay\"><\/div>\n\t\t\t\t\t\t\t<div class=\"elementor-widget-wrap\">\n\t\t\t\t\t\t<div class=\"elementor-element elementor-element-3be85a9 elementor-widget elementor-widget-heading\" data-id=\"3be85a9\" data-element_type=\"widget\" data-widget_type=\"heading.default\">\n\t\t\t\t<div class=\"elementor-widget-container\">\n\t\t\t<h2 class=\"elementor-heading-title elementor-size-default\"><a href=\"https:\/\/cannabee.net\/it\/category\/cbd-le-basi\/\">Nozioni di base sul CBD: I vostri primi passi nel mondo del CBD<\/a><\/h2>\t\t<\/div>\n\t\t\t\t<\/div>\n\t\t\t\t\t\t<\/div>\n\t\t\t\t\t<\/div>\n\t\t<\/div>\n\t\t\t\t\t\t\t\t<\/div>\n\t\t\t\t\t<\/div>\n\t\t<\/section>\n\t\t\t\t<section class=\"elementor-section elementor-top-section elementor-element elementor-element-af10a9a elementor-section-stretched elementor-section-boxed elementor-section-height-default elementor-section-height-default\" data-id=\"af10a9a\" data-element_type=\"section\" data-settings=\"{&quot;stretch_section&quot;:&quot;section-stretched&quot;}\">\n\t\t\t\t\t\t<div class=\"elementor-container elementor-column-gap-default\">\n\t\t\t\t\t\t\t<div class=\"elementor-row\">\n\t\t\t\t\t<div class=\"elementor-column elementor-col-100 elementor-top-column elementor-element elementor-element-e3ba8c1\" data-id=\"e3ba8c1\" data-element_type=\"column\">\n\t\t\t<div class=\"elementor-column-wrap elementor-element-populated\">\n\t\t\t\t\t\t\t<div class=\"elementor-widget-wrap\">\n\t\t\t\t\t\t<div class=\"elementor-element elementor-element-1e6b1d2 elementor-widget elementor-widget-heading\" data-id=\"1e6b1d2\" data-element_type=\"widget\" data-widget_type=\"heading.default\">\n\t\t\t\t<div class=\"elementor-widget-container\">\n\t\t\t<h2 class=\"elementor-heading-title elementor-size-default\"><a href=\"https:\/\/cannabee.net\/it\/category\/cbd-per-trattare-le-malattie\/\">CBD e salute<\/a><\/h2>\t\t<\/div>\n\t\t\t\t<\/div>\n\t\t\t\t<div class=\"elementor-element elementor-element-a13f728 elementor-widget elementor-widget-heading\" data-id=\"a13f728\" data-element_type=\"widget\" data-widget_type=\"heading.default\">\n\t\t\t\t<div class=\"elementor-widget-container\">\n\t\t\t<h2 class=\"elementor-heading-title elementor-size-default\"><a href=\"https:\/\/cannabee.net\/it\/category\/prodotti-di-cbd\/\">Tutto sui prodotti di CBD<\/a><\/h2>\t\t<\/div>\n\t\t\t\t<\/div>\n\t\t\t\t\t\t<\/div>\n\t\t\t\t\t<\/div>\n\t\t<\/div>\n\t\t\t\t\t\t\t\t<\/div>\n\t\t\t\t\t<\/div>\n\t\t<\/section>\n\t\t\t\t<section class=\"elementor-section elementor-top-section elementor-element elementor-element-a195cf9 elementor-section-stretched elementor-section-boxed elementor-section-height-default elementor-section-height-default\" data-id=\"a195cf9\" data-element_type=\"section\" data-settings=\"{&quot;background_background&quot;:&quot;gradient&quot;,&quot;stretch_section&quot;:&quot;section-stretched&quot;}\">\n\t\t\t\t\t\t<div class=\"elementor-container elementor-column-gap-default\">\n\t\t\t\t\t\t\t<div class=\"elementor-row\">\n\t\t\t\t\t<div class=\"elementor-column elementor-col-100 elementor-top-column elementor-element elementor-element-35955e1\" data-id=\"35955e1\" data-element_type=\"column\" data-settings=\"{&quot;background_background&quot;:&quot;classic&quot;}\">\n\t\t\t<div class=\"elementor-column-wrap elementor-element-populated\">\n\t\t\t\t\t\t\t<div class=\"elementor-widget-wrap\">\n\t\t\t\t\t\t<div class=\"elementor-element elementor-element-2e35aa0 elementor-widget elementor-widget-heading\" data-id=\"2e35aa0\" data-element_type=\"widget\" data-widget_type=\"heading.default\">\n\t\t\t\t<div class=\"elementor-widget-container\">\n\t\t\t<h2 class=\"elementor-heading-title elementor-size-default\"><a href=\"https:\/\/cannabee.net\/it\/category\/tendenze-e-approfondimenti-sul-cbd\/\">Tendenze e approfondimenti sul CBD<\/a><\/h2>\t\t<\/div>\n\t\t\t\t<\/div>\n\t\t\t\t<div class=\"elementor-element elementor-element-d050498 elementor-widget elementor-widget-heading\" data-id=\"d050498\" data-element_type=\"widget\" data-widget_type=\"heading.default\">\n\t\t\t\t<div class=\"elementor-widget-container\">\n\t\t\t<h2 class=\"elementor-heading-title elementor-size-default\"><a href=\"https:\/\/cannabee.net\/it\/category\/canapa-le-basi\/\">Conosci la pianta di Canapa<\/a><\/h2>\t\t<\/div>\n\t\t\t\t<\/div>\n\t\t\t\t\t\t<\/div>\n\t\t\t\t\t<\/div>\n\t\t<\/div>\n\t\t\t\t\t\t\t\t<\/div>\n\t\t\t\t\t<\/div>\n\t\t<\/section>\n\t\t\t\t<section class=\"elementor-section elementor-top-section elementor-element elementor-element-2008f36 elementor-section-stretched elementor-section-boxed elementor-section-height-default elementor-section-height-default\" data-id=\"2008f36\" data-element_type=\"section\" data-settings=\"{&quot;stretch_section&quot;:&quot;section-stretched&quot;}\">\n\t\t\t\t\t\t<div class=\"elementor-container elementor-column-gap-default\">\n\t\t\t\t\t\t\t<div class=\"elementor-row\">\n\t\t\t\t\t<div class=\"elementor-column elementor-col-100 elementor-top-column elementor-element elementor-element-5e26177\" data-id=\"5e26177\" data-element_type=\"column\">\n\t\t\t<div class=\"elementor-column-wrap\">\n\t\t\t\t\t\t\t<div class=\"elementor-widget-wrap\">\n\t\t\t\t\t\t\t\t<\/div>\n\t\t\t\t\t<\/div>\n\t\t<\/div>\n\t\t\t\t\t\t\t\t<\/div>\n\t\t\t\t\t<\/div>\n\t\t<\/section>\n\t\t\t\t<section class=\"elementor-section elementor-top-section elementor-element elementor-element-24b3f63 elementor-section-stretched elementor-section-boxed elementor-section-height-default elementor-section-height-default\" data-id=\"24b3f63\" data-element_type=\"section\" data-settings=\"{&quot;stretch_section&quot;:&quot;section-stretched&quot;}\">\n\t\t\t\t\t\t<div class=\"elementor-container elementor-column-gap-default\">\n\t\t\t\t\t\t\t<div class=\"elementor-row\">\n\t\t\t\t\t<div class=\"elementor-column elementor-col-100 elementor-top-column elementor-element elementor-element-035b24e\" data-id=\"035b24e\" data-element_type=\"column\">\n\t\t\t<div class=\"elementor-column-wrap elementor-element-populated\">\n\t\t\t\t\t\t\t<div class=\"elementor-widget-wrap\">\n\t\t\t\t\t\t<div class=\"elementor-element elementor-element-9963587 elementor-widget elementor-widget-heading\" data-id=\"9963587\" data-element_type=\"widget\" data-widget_type=\"heading.default\">\n\t\t\t\t<div class=\"elementor-widget-container\">\n\t\t\t<h1 class=\"elementor-heading-title elementor-size-default\">Guida completa al CBD<\/h1>\t\t<\/div>\n\t\t\t\t<\/div>\n\t\t\t\t<div class=\"elementor-element elementor-element-86f18f4 elementor-widget elementor-widget-text-editor\" data-id=\"86f18f4\" data-element_type=\"widget\" data-widget_type=\"text-editor.default\">\n\t\t\t\t<div class=\"elementor-widget-container\">\n\t\t\t\t\t\t\t\t<div class=\"elementor-text-editor elementor-clearfix\">\n\t\t\t\t<p class=\"entry-title\">Cos\u2019\u00e8 l\u2019olio di CBD?<\/p>\n<p>In molti continuano a chiedersi che cosa sia veramente l\u2019olio di CBD; con questa guida cercheremo di fare chiarezza. In genere si sente parlare di hashish, fumo, erba e marijuana. Questi sono i nomi di prodotti illegali derivati \u200b\u200bdalla pianta di\u00a0<i>cannabis sativa<\/i>. Questa pianta per\u00f2 \u00e8 stata utilizzata per secoli da culture diverse e per dei motivi ben precisi. Le propriet\u00e0 curative della pianta vennero notate infatti fin dall\u2019antichit\u00e0. La cannabis comprende oltre 60 diversi cannabinoidi, i quali hanno ciascuno la propria influenza sull\u2019organismo. Il CBD \u00e8 l\u2019abbreviazione di \u201ccannabidiolo\u201d, ovvero uno dei tanti cannabinoidi nella pianta di cannabis.<\/p>\n<h2><i>Cosa sono i cannabinoidi?<\/i><\/h2>\n<p>Andiamo con ordine,prima di arrivare a definire i cannabinoidi dobbiamo scopriamo qualcosa in pi\u00f9 sul nostro organismo. Il corpo umano contiene molti sistemi, tra i quali ad esempio il sistema digestivo, nervoso e respiratorio. Tutti i sistemi nel nostro corpo sono costituiti da diverse parti funzionali. Ad esempio, sappiamo che il sistema nervoso \u00e8 costituito da midollo spinale, nervi e cervello. Il<a href=\"https:\/\/hemppedia.org\/it\/il-sistema-endocannabinoide\/\" target=\"_blank\" rel=\"noopener\"> sistema endocannabinoide<\/a> venne scoperto negli anni \u201860 durante gli studi dell\u2019effetto del THC sull\u2019organismo umano; ma non sono iniziate ricerche vere e proprie su di esso fino agli anni \u201890. Ogni mammifero possiede un sistema Endocannabinoide ( ECS acronimo in lingua inglese) endogeno costituito da mediatori lipidici, processi di sintesi e due recettori chiamati CB1 e CB2. I recettori CB1 e CB2 si trovano ovunque nel corpo e tutti i nostri sistemi vengono effettivamente modulati dal sistema ECS. Ovvero, il nostro sistema digestivo, nervoso e respiratorio sono modulati dal sistema endocannabinoide, e ogni volta che un sistema cambia, in realt\u00e0 utilizza il sistema ECS. Sulla base di questa conoscenza possiamo ora descrivere le 3 categorie di cannabinoidi: <b>Endocannabinoidi \u2013\u00a0<\/b>Prodotti naturalmente dal corpo. Questi cannabinoidi fisici sono collegati con la sensazione di fame, controllo del movimento e dolore. <b>Fitocannabinoidi \u2013\u00a0<\/b>Cannabinoidi trovati nella pianta di cannabis. Questi sono anche chiamati cannabinoidi organici e possono influenzare l\u2019esperienza umana di fame, controllo del movimento e dolore mentre si integrano nel sistema endocannabinoide. <b>Cannabinoidi sintetici \u2013\u00a0<\/b>Cannabinoidi prodotti sinteticamente dall\u2019industria farmaceutica. Presenti in diverse forme di cannabis terapeutica e influenzano il sistema endocannabinoide.<\/p>\n<h2><b>I dispositivi medici nel cannabidiolo CBD<\/b><\/h2>\n<p>Sono presenti pi\u00f9 di 60 diversi fitocannabinoidi di origine organica in delle piccole ghiandole nella pianta di\u00a0<i>Cannabis Sativa<\/i>. Tra questi questi spicca il CBD, nel quale risiede il maggior potenziale terapeutico. Questi cannabinoidi hanno un legame diretto con i recettori CB1 e CB2, e se introdotti nel corpo umano si integrano con gli endocannabinoidi, e influiscono sui sistemi organici. <b>Recettore CB1<\/b>: stimola l\u2019attivit\u00e0 del sistema nervoso umano. Ci\u00f2 significa che un effetto su questo recettore pu\u00f2 influenzare l\u2019umore, l\u2019appetito, la memoria e cos\u00ec via. <b>Recettore CB2<\/b>: fornisce segnali alle cellule del sistema immunitario. La maggior parte dei recettori CB2 si trova infatti all\u2019interno delle cellule che fanno parte del sistema immunitario, ma esistono anche nei globuli bianchi e nelle cellule tumorali. Stimolare il recettore CB2 pu\u00f2 aiutare ad attenuare un sistema immunitario iperattivo. Nei pazienti affetti da sclerosi, il CB2 pu\u00f2 lavorare contro i crampi e la rigidit\u00e0 muscolare. Inoltre sempre pi\u00f9 ricercatori si stanno concentrando sull\u2019effetto del recettore CB2 sulle cellule tumorali e man mano vengono trovate sempre pi\u00f9 correlazioni interessanti. Ci\u00f2 che \u00e8 importante tenere a mente \u00e8 perci\u00f2 l\u2019effetto dei cannabinoidi su CB1 e CB2. I due cannabinoidi pi\u00f9 ricercati ed efficaci sono il THC ed il CBD. I cannabinoidi THC hanno un effetto speciale sul nostro recettore CB1. Il contenuto di THC in una \u201ccanna\u201d ad esempio, \u00e8 molto alto e quindi il fumatore avr\u00e0 una sensazione di squilibrio ed euforia. Ci\u00f2 non \u00e8 tuttavia legale. Prodotti contenenti un livello di THC inferiore allo 0,2%, sono invece legali. Il CBD-cannabidiolo ha un effetto invece principalmente sul nostro recettore CB2, ma anche sul CB1 ed \u00e8 quindi anche la componente pi\u00f9 comunemente usata a livello terapeutico per varie malattie. Pu\u00f2 influenzare le cellule del sistema immunitario e quelle tumorali. L\u2019olio di CBD pu\u00f2 essere efficace per chi soffre, per esempio, di forti dolori.<\/p>\n<h2><b>Come viene prodotto l\u2019olio di CBD?<\/b><\/h2>\n<p>Con la conoscenza di base del CBD e alcune informazioni mediche sull\u2019argomento, possiamo ora esaminare il processo di produzione dell\u2019olio di CBD. L\u2019olio di CBD pu\u00f2 essere prodotto in diversi modi. Uno dei metodi pi\u00f9 comuni per estrarlo \u00e8 attraverso l\u2019uso di alcol. Tuttavia, non si tratta del metodo migliore e pi\u00f9 pulito. Diverse aziende hanno infatti iniziato con un metodo di evaporazione attraverso uno speciale processo con CO2. Questo processo \u00e8 pi\u00f9 rispettoso dell\u2019ambiente e sostenibile, inoltre si ottiene un olio di CBD pi\u00f9 puro e pregiato. Quindi vale la pena dare un\u2019occhiata al metodo di produzione dell\u2019olio di CBD prima dell\u2019acquisto. Inoltre, \u00e8 buona norma controllare che l\u2019olio CBD sia certificato GMP. La certificazione GMP sta per\u00a0<i>Good Manufacturing Practices<\/i>, ed \u00e8 una garanzia che il prodotto sia stato fabbricato in condizioni adeguate.<\/p>\n<h2><b>Cos\u2019\u00e8 l\u2019olio di CBD?<\/b><\/h2>\n<p>CBD \u00e8 un acronimo per cannabidiolo, ovvero uno dei tanti fitocannabinoidi presenti nella pianta di cannabis. Ha un legame diretto con il sistema endocannabinoide umano che influenza le cellule del nostro sistema immunitario, e, secondo recenti ricerche, ha persino un\u2019influenza sulle cellule tumorali. Viene testimoniato da molti consumatori che il CBD tratta il loro dolore meglio della medicina convenzionale. Chi soffre di sclerosi multipla, tumore, emicrania e tante altre patologie, pu\u00f2 trovare aiuto grazie al cannabidiolo (CBD).<\/p>\n\t\t\t\t\t<\/div>\n\t\t\t\t\t\t<\/div>\n\t\t\t\t<\/div>\n\t\t\t\t\t\t<\/div>\n\t\t\t\t\t<\/div>\n\t\t<\/div>\n\t\t\t\t\t\t\t\t<\/div>\n\t\t\t\t\t<\/div>\n\t\t<\/section>\n\t\t\t\t\t\t\t\t\t<\/div>\n\t\t\t<\/div>\n\t\t\t\t\t<\/div>\n\t\t","protected":false},"excerpt":{"rendered":"<p>Nozioni di base sul CBD: I vostri primi passi nel mondo del CBD CBD e salute Tutto sui prodotti di<\/p>\n","protected":false},"author":1,"featured_media":4766,"parent":0,"menu_order":0,"comment_status":"closed","ping_status":"closed","template":"","meta":{"advgb_blocks_editor_width":"","advgb_blocks_columns_visual_guide":"","_lmt_disableupdate":"","_lmt_disable":""},"yoast_head":"<!-- This site is optimized with the Yoast SEO plugin v19.4 - https:\/\/yoast.com\/wordpress\/plugins\/seo\/ -->\n<title>Cannabee: il magazine online sul CBD<\/title>\n<meta name=\"description\" content=\"Vi siete mai chiesti cosa pu\u00f2 fare il CBD per voi? Cannabee \u00e8 il vostro punto di riferimento per trovare tutte le risposte sul CBD e cannabis.\" \/>\n<meta name=\"robots\" content=\"index, follow, max-snippet:-1, max-image-preview:large, max-video-preview:-1\" \/>\n<link rel=\"canonical\" href=\"https:\/\/cannabee.net\/it\/\" \/>\n<meta property=\"og:locale\" content=\"it_IT\" \/>\n<meta property=\"og:type\" content=\"article\" \/>\n<meta property=\"og:title\" content=\"Cannabee: il magazine online sul CBD\" \/>\n<meta property=\"og:description\" content=\"Vi siete mai chiesti cosa pu\u00f2 fare il CBD per voi? Cannabee \u00e8 il vostro punto di riferimento per trovare tutte le risposte sul CBD e cannabis.\" \/>\n<meta property=\"og:url\" content=\"https:\/\/cannabee.net\/it\/\" \/>\n<meta property=\"og:site_name\" content=\"Cannabee\" \/>\n<meta property=\"article:publisher\" content=\"https:\/\/www.facebook.com\/cannabe.net\/\" \/>\n<meta property=\"article:modified_time\" content=\"2021-04-20T11:51:43+00:00\" \/>\n<meta property=\"og:image\" content=\"https:\/\/cannabee.net\/wp-content\/uploads\/2020\/07\/cannabis-oil-and-green-leaves-at-yellow-table-4K8NCEX-min-scaled.jpg\" \/>\n\t<meta property=\"og:image:width\" content=\"1024\" \/>\n\t<meta property=\"og:image:height\" content=\"341\" \/>\n\t<meta property=\"og:image:type\" content=\"image\/jpeg\" \/>\n<meta name=\"twitter:card\" content=\"summary_large_image\" \/>\n<meta name=\"twitter:label1\" content=\"Tempo di lettura stimato\" \/>\n\t<meta name=\"twitter:data1\" content=\"11 minuti\" \/>\n<script type=\"application\/ld+json\" class=\"yoast-schema-graph\">{\"@context\":\"https:\/\/schema.org\",\"@graph\":[{\"@type\":\"Organization\",\"@id\":\"https:\/\/cannabee.net\/#organization\",\"name\":\"Cannabee.net\",\"url\":\"https:\/\/cannabee.net\/\",\"sameAs\":[\"https:\/\/www.facebook.com\/cannabe.net\/\"],\"logo\":{\"@type\":\"ImageObject\",\"inLanguage\":\"it-IT\",\"@id\":\"https:\/\/cannabee.net\/#\/schema\/logo\/image\/\",\"url\":\"https:\/\/cannabee.net\/wp-content\/uploads\/2020\/04\/Untitled-design.png\",\"contentUrl\":\"https:\/\/cannabee.net\/wp-content\/uploads\/2020\/04\/Untitled-design.png\",\"width\":500,\"height\":500,\"caption\":\"Cannabee.net\"},\"image\":{\"@id\":\"https:\/\/cannabee.net\/#\/schema\/logo\/image\/\"}},{\"@type\":\"WebSite\",\"@id\":\"https:\/\/cannabee.net\/#website\",\"url\":\"https:\/\/cannabee.net\/\",\"name\":\"Cannabee\",\"description\":\"YOUR CBD HUB\",\"publisher\":{\"@id\":\"https:\/\/cannabee.net\/#organization\"},\"potentialAction\":[{\"@type\":\"SearchAction\",\"target\":{\"@type\":\"EntryPoint\",\"urlTemplate\":\"https:\/\/cannabee.net\/?s={search_term_string}\"},\"query-input\":\"required name=search_term_string\"}],\"inLanguage\":\"it-IT\"},{\"@type\":\"WebPage\",\"@id\":\"https:\/\/cannabee.net\/it\/\",\"url\":\"https:\/\/cannabee.net\/it\/\",\"name\":\"Cannabee: il magazine online sul CBD\",\"isPartOf\":{\"@id\":\"https:\/\/cannabee.net\/#website\"},\"datePublished\":\"2020-04-06T11:53:18+00:00\",\"dateModified\":\"2021-04-20T11:51:43+00:00\",\"description\":\"Vi siete mai chiesti cosa pu\u00f2 fare il CBD per voi? Cannabee \u00e8 il vostro punto di riferimento per trovare tutte le risposte sul CBD e cannabis.\",\"breadcrumb\":{\"@id\":\"https:\/\/cannabee.net\/it\/#breadcrumb\"},\"inLanguage\":\"it-IT\",\"potentialAction\":[{\"@type\":\"ReadAction\",\"target\":[\"https:\/\/cannabee.net\/it\/\"]}]},{\"@type\":\"BreadcrumbList\",\"@id\":\"https:\/\/cannabee.net\/it\/#breadcrumb\",\"itemListElement\":[{\"@type\":\"ListItem\",\"position\":1,\"name\":\"Home\"}]}]}<\/script>\n<!-- \/ Yoast SEO plugin. -->","yoast_head_json":{"title":"Cannabee: il magazine online sul CBD","description":"Vi siete mai chiesti cosa pu\u00f2 fare il CBD per voi? Cannabee \u00e8 il vostro punto di riferimento per trovare tutte le risposte sul CBD e cannabis.","robots":{"index":"index","follow":"follow","max-snippet":"max-snippet:-1","max-image-preview":"max-image-preview:large","max-video-preview":"max-video-preview:-1"},"canonical":"https:\/\/cannabee.net\/it\/","og_locale":"it_IT","og_type":"article","og_title":"Cannabee: il magazine online sul CBD","og_description":"Vi siete mai chiesti cosa pu\u00f2 fare il CBD per voi? Cannabee \u00e8 il vostro punto di riferimento per trovare tutte le risposte sul CBD e cannabis.","og_url":"https:\/\/cannabee.net\/it\/","og_site_name":"Cannabee","article_publisher":"https:\/\/www.facebook.com\/cannabe.net\/","article_modified_time":"2021-04-20T11:51:43+00:00","og_image":[{"width":1024,"height":341,"url":"https:\/\/cannabee.net\/wp-content\/uploads\/2020\/07\/cannabis-oil-and-green-leaves-at-yellow-table-4K8NCEX-min-scaled.jpg","type":"image\/jpeg"}],"twitter_card":"summary_large_image","twitter_misc":{"Tempo di lettura stimato":"11 minuti"},"schema":{"@context":"https:\/\/schema.org","@graph":[{"@type":"Organization","@id":"https:\/\/cannabee.net\/#organization","name":"Cannabee.net","url":"https:\/\/cannabee.net\/","sameAs":["https:\/\/www.facebook.com\/cannabe.net\/"],"logo":{"@type":"ImageObject","inLanguage":"it-IT","@id":"https:\/\/cannabee.net\/#\/schema\/logo\/image\/","url":"https:\/\/cannabee.net\/wp-content\/uploads\/2020\/04\/Untitled-design.png","contentUrl":"https:\/\/cannabee.net\/wp-content\/uploads\/2020\/04\/Untitled-design.png","width":500,"height":500,"caption":"Cannabee.net"},"image":{"@id":"https:\/\/cannabee.net\/#\/schema\/logo\/image\/"}},{"@type":"WebSite","@id":"https:\/\/cannabee.net\/#website","url":"https:\/\/cannabee.net\/","name":"Cannabee","description":"YOUR CBD HUB","publisher":{"@id":"https:\/\/cannabee.net\/#organization"},"potentialAction":[{"@type":"SearchAction","target":{"@type":"EntryPoint","urlTemplate":"https:\/\/cannabee.net\/?s={search_term_string}"},"query-input":"required name=search_term_string"}],"inLanguage":"it-IT"},{"@type":"WebPage","@id":"https:\/\/cannabee.net\/it\/","url":"https:\/\/cannabee.net\/it\/","name":"Cannabee: il magazine online sul CBD","isPartOf":{"@id":"https:\/\/cannabee.net\/#website"},"datePublished":"2020-04-06T11:53:18+00:00","dateModified":"2021-04-20T11:51:43+00:00","description":"Vi siete mai chiesti cosa pu\u00f2 fare il CBD per voi? Cannabee \u00e8 il vostro punto di riferimento per trovare tutte le risposte sul CBD e cannabis.","breadcrumb":{"@id":"https:\/\/cannabee.net\/it\/#breadcrumb"},"inLanguage":"it-IT","potentialAction":[{"@type":"ReadAction","target":["https:\/\/cannabee.net\/it\/"]}]},{"@type":"BreadcrumbList","@id":"https:\/\/cannabee.net\/it\/#breadcrumb","itemListElement":[{"@type":"ListItem","position":1,"name":"Home"}]}]}},"coauthors":[],"author_meta":{"author_link":"https:\/\/cannabee.net\/it\/author\/hazelreynolds95\/","display_name":"Maxwell Harris"},"relative_dates":{"created":"Pubblicato 6 anni fa","modified":"Aggiornato 5 anni fa"},"absolute_dates":{"created":"Pubblicato il Aprile 6, 2020","modified":"Aggiornato il Aprile 20, 2021"},"absolute_dates_time":{"created":"Pubblicato il Aprile 6, 2020 11:53 am","modified":"Aggiornato il Aprile 20, 2021 11:51 am"},"featured_img_caption":"","featured_img":"https:\/\/cannabee.net\/wp-content\/uploads\/2020\/07\/cannabis-oil-and-green-leaves-at-yellow-table-4K8NCEX-min-scaled.jpg","series_order":"","_links":{"self":[{"href":"https:\/\/cannabee.net\/it\/wp-json\/wp\/v2\/pages\/1863"}],"collection":[{"href":"https:\/\/cannabee.net\/it\/wp-json\/wp\/v2\/pages"}],"about":[{"href":"https:\/\/cannabee.net\/it\/wp-json\/wp\/v2\/types\/page"}],"author":[{"embeddable":true,"href":"https:\/\/cannabee.net\/it\/wp-json\/wp\/v2\/users\/1"}],"replies":[{"embeddable":true,"href":"https:\/\/cannabee.net\/it\/wp-json\/wp\/v2\/comments?post=1863"}],"version-history":[{"count":5,"href":"https:\/\/cannabee.net\/it\/wp-json\/wp\/v2\/pages\/1863\/revisions"}],"predecessor-version":[{"id":6835,"href":"https:\/\/cannabee.net\/it\/wp-json\/wp\/v2\/pages\/1863\/revisions\/6835"}],"wp:featuredmedia":[{"embeddable":true,"href":"https:\/\/cannabee.net\/it\/wp-json\/wp\/v2\/media\/4766"}],"wp:attachment":[{"href":"https:\/\/cannabee.net\/it\/wp-json\/wp\/v2\/media?parent=1863"}],"curies":[{"name":"wp","href":"https:\/\/api.w.org\/{rel}","templated":true}]}}