{"id":1994,"date":"2020-04-08T08:26:38","date_gmt":"2020-04-08T08:26:38","guid":{"rendered":"https:\/\/cannabee.net\/o-nas\/"},"modified":"2020-04-08T08:26:38","modified_gmt":"2020-04-08T08:26:38","slug":"o-nas","status":"publish","type":"page","link":"https:\/\/cannabee.net\/pl\/o-nas\/","title":{"rendered":"O nas"},"content":{"rendered":"<h2>Nasza misja i wizja<\/h2>\n<p>Cannabee.net chce zwi\u0119kszy\u0107 \u015bwiadomo\u015b\u0107 ludzi na temat oleju CBD i jego w\u0142a\u015bciwo\u015bci oraz sprawi\u0107, by by\u0142 on \u0142atwo zrozumia\u0142y dla wszystkich zainteresowanych tym tematem.<\/p>\n<p>Plan dzia\u0142ania Cannabee.net jest r\u00f3wnie\u017c jasny: przeka\u017cemy naszym czytelnikom najistotniejsz\u0105 i najbardziej aktualn\u0105 wiedz\u0119 na temat CBD (i oleju CBD). Buduj\u0105c t\u0119 stron\u0119 informacyjn\u0105, b\u0119dziemy niezwykle krytyczni wobec \u017ar\u00f3de\u0142, aby\u015b m\u00f3g\u0142 uzyska\u0107 potrzebn\u0105 Ci wiedz\u0119.<\/p>\n<p>B\u0119dziemy informowa\u0107 Pa\u0144stwa o wszelkich kwestiach prawnych, dotycz\u0105cych konopi, marihuany i CBD, dlatego te\u017c nigdy nie b\u0119dziemy zach\u0119ca\u0107 do zakupu oleju CBD na nielegalnym rynku. Wszelkie rekomendacje sprzedawc\u00f3w zamieszczone na tej stronie internetowej s\u0105 oparte na osobistych do\u015bwiadczeniach i dog\u0142\u0119bnych poszukiwaniach.<\/p>\n","protected":false},"excerpt":{"rendered":"<p>Nasza misja i wizja Cannabee.net chce zwi\u0119kszy\u0107 \u015bwiadomo\u015b\u0107 ludzi na temat oleju CBD i jego w\u0142a\u015bciwo\u015bci oraz sprawi\u0107, by by\u0142 on \u0142atwo zrozumia\u0142y dla wszystkich zainteresowanych tym tematem. Plan dzia\u0142ania Cannabee.net jest r\u00f3wnie\u017c jasny: przeka\u017cemy naszym czytelnikom najistotniejsz\u0105 i najbardziej<\/p>\n","protected":false},"author":1,"featured_media":0,"parent":0,"menu_order":0,"comment_status":"closed","ping_status":"closed","template":"","meta":{"advgb_blocks_editor_width":"","advgb_blocks_columns_visual_guide":"","_lmt_disableupdate":"","_lmt_disable":""},"yoast_head":"<!-- This site is optimized with the Yoast SEO plugin v19.4 - https:\/\/yoast.com\/wordpress\/plugins\/seo\/ -->\n<title>O nas - Cannabee<\/title>\n<meta name=\"robots\" content=\"index, follow, max-snippet:-1, max-image-preview:large, max-video-preview:-1\" \/>\n<link rel=\"canonical\" href=\"https:\/\/cannabee.net\/pl\/o-nas\/\" \/>\n<meta property=\"og:locale\" content=\"pl_PL\" \/>\n<meta property=\"og:type\" content=\"article\" \/>\n<meta property=\"og:title\" content=\"O nas - Cannabee\" \/>\n<meta property=\"og:description\" content=\"Nasza misja i wizja Cannabee.net chce zwi\u0119kszy\u0107 \u015bwiadomo\u015b\u0107 ludzi na temat oleju CBD i jego w\u0142a\u015bciwo\u015bci oraz sprawi\u0107, by by\u0142 on \u0142atwo zrozumia\u0142y dla wszystkich zainteresowanych tym tematem. Plan dzia\u0142ania Cannabee.net jest r\u00f3wnie\u017c jasny: przeka\u017cemy naszym czytelnikom najistotniejsz\u0105 i najbardziej\" \/>\n<meta property=\"og:url\" content=\"https:\/\/cannabee.net\/pl\/o-nas\/\" \/>\n<meta property=\"og:site_name\" content=\"Cannabee\" \/>\n<meta property=\"article:publisher\" content=\"https:\/\/www.facebook.com\/cannabe.net\/\" \/>\n<meta name=\"twitter:card\" content=\"summary_large_image\" \/>\n<meta name=\"twitter:label1\" content=\"Szacowany czas czytania\" \/>\n\t<meta name=\"twitter:data1\" content=\"1 minuta\" \/>\n<script type=\"application\/ld+json\" class=\"yoast-schema-graph\">{\"@context\":\"https:\/\/schema.org\",\"@graph\":[{\"@type\":\"Organization\",\"@id\":\"https:\/\/cannabee.net\/#organization\",\"name\":\"Cannabee.net\",\"url\":\"https:\/\/cannabee.net\/\",\"sameAs\":[\"https:\/\/www.facebook.com\/cannabe.net\/\"],\"logo\":{\"@type\":\"ImageObject\",\"inLanguage\":\"pl-PL\",\"@id\":\"https:\/\/cannabee.net\/#\/schema\/logo\/image\/\",\"url\":\"https:\/\/cannabee.net\/wp-content\/uploads\/2020\/04\/Untitled-design.png\",\"contentUrl\":\"https:\/\/cannabee.net\/wp-content\/uploads\/2020\/04\/Untitled-design.png\",\"width\":500,\"height\":500,\"caption\":\"Cannabee.net\"},\"image\":{\"@id\":\"https:\/\/cannabee.net\/#\/schema\/logo\/image\/\"}},{\"@type\":\"WebSite\",\"@id\":\"https:\/\/cannabee.net\/#website\",\"url\":\"https:\/\/cannabee.net\/\",\"name\":\"Cannabee\",\"description\":\"YOUR CBD HUB\",\"publisher\":{\"@id\":\"https:\/\/cannabee.net\/#organization\"},\"potentialAction\":[{\"@type\":\"SearchAction\",\"target\":{\"@type\":\"EntryPoint\",\"urlTemplate\":\"https:\/\/cannabee.net\/?s={search_term_string}\"},\"query-input\":\"required name=search_term_string\"}],\"inLanguage\":\"pl-PL\"},{\"@type\":\"WebPage\",\"@id\":\"https:\/\/cannabee.net\/pl\/o-nas\/\",\"url\":\"https:\/\/cannabee.net\/pl\/o-nas\/\",\"name\":\"O nas - Cannabee\",\"isPartOf\":{\"@id\":\"https:\/\/cannabee.net\/#website\"},\"datePublished\":\"2020-04-08T08:26:38+00:00\",\"dateModified\":\"2020-04-08T08:26:38+00:00\",\"breadcrumb\":{\"@id\":\"https:\/\/cannabee.net\/pl\/o-nas\/#breadcrumb\"},\"inLanguage\":\"pl-PL\",\"potentialAction\":[{\"@type\":\"ReadAction\",\"target\":[\"https:\/\/cannabee.net\/pl\/o-nas\/\"]}]},{\"@type\":\"BreadcrumbList\",\"@id\":\"https:\/\/cannabee.net\/pl\/o-nas\/#breadcrumb\",\"itemListElement\":[{\"@type\":\"ListItem\",\"position\":1,\"name\":\"O nas\"}]}]}<\/script>\n<!-- \/ Yoast SEO plugin. -->","yoast_head_json":{"title":"O nas - Cannabee","robots":{"index":"index","follow":"follow","max-snippet":"max-snippet:-1","max-image-preview":"max-image-preview:large","max-video-preview":"max-video-preview:-1"},"canonical":"https:\/\/cannabee.net\/pl\/o-nas\/","og_locale":"pl_PL","og_type":"article","og_title":"O nas - Cannabee","og_description":"Nasza misja i wizja Cannabee.net chce zwi\u0119kszy\u0107 \u015bwiadomo\u015b\u0107 ludzi na temat oleju CBD i jego w\u0142a\u015bciwo\u015bci oraz sprawi\u0107, by by\u0142 on \u0142atwo zrozumia\u0142y dla wszystkich zainteresowanych tym tematem. Plan dzia\u0142ania Cannabee.net jest r\u00f3wnie\u017c jasny: przeka\u017cemy naszym czytelnikom najistotniejsz\u0105 i najbardziej","og_url":"https:\/\/cannabee.net\/pl\/o-nas\/","og_site_name":"Cannabee","article_publisher":"https:\/\/www.facebook.com\/cannabe.net\/","twitter_card":"summary_large_image","twitter_misc":{"Szacowany czas czytania":"1 minuta"},"schema":{"@context":"https:\/\/schema.org","@graph":[{"@type":"Organization","@id":"https:\/\/cannabee.net\/#organization","name":"Cannabee.net","url":"https:\/\/cannabee.net\/","sameAs":["https:\/\/www.facebook.com\/cannabe.net\/"],"logo":{"@type":"ImageObject","inLanguage":"pl-PL","@id":"https:\/\/cannabee.net\/#\/schema\/logo\/image\/","url":"https:\/\/cannabee.net\/wp-content\/uploads\/2020\/04\/Untitled-design.png","contentUrl":"https:\/\/cannabee.net\/wp-content\/uploads\/2020\/04\/Untitled-design.png","width":500,"height":500,"caption":"Cannabee.net"},"image":{"@id":"https:\/\/cannabee.net\/#\/schema\/logo\/image\/"}},{"@type":"WebSite","@id":"https:\/\/cannabee.net\/#website","url":"https:\/\/cannabee.net\/","name":"Cannabee","description":"YOUR CBD HUB","publisher":{"@id":"https:\/\/cannabee.net\/#organization"},"potentialAction":[{"@type":"SearchAction","target":{"@type":"EntryPoint","urlTemplate":"https:\/\/cannabee.net\/?s={search_term_string}"},"query-input":"required name=search_term_string"}],"inLanguage":"pl-PL"},{"@type":"WebPage","@id":"https:\/\/cannabee.net\/pl\/o-nas\/","url":"https:\/\/cannabee.net\/pl\/o-nas\/","name":"O nas - Cannabee","isPartOf":{"@id":"https:\/\/cannabee.net\/#website"},"datePublished":"2020-04-08T08:26:38+00:00","dateModified":"2020-04-08T08:26:38+00:00","breadcrumb":{"@id":"https:\/\/cannabee.net\/pl\/o-nas\/#breadcrumb"},"inLanguage":"pl-PL","potentialAction":[{"@type":"ReadAction","target":["https:\/\/cannabee.net\/pl\/o-nas\/"]}]},{"@type":"BreadcrumbList","@id":"https:\/\/cannabee.net\/pl\/o-nas\/#breadcrumb","itemListElement":[{"@type":"ListItem","position":1,"name":"O nas"}]}]}},"coauthors":[],"author_meta":{"author_link":"https:\/\/cannabee.net\/pl\/author\/hazelreynolds95\/","display_name":"Maxwell Harris"},"relative_dates":{"created":"Posted 6 lat ago","modified":"Updated 6 lat ago"},"absolute_dates":{"created":"Posted on 8 kwietnia, 2020","modified":"Updated on 8 kwietnia, 2020"},"absolute_dates_time":{"created":"Posted on 8 kwietnia, 2020 8:26 am","modified":"Updated on 8 kwietnia, 2020 8:26 am"},"featured_img_caption":"","featured_img":false,"series_order":"","_links":{"self":[{"href":"https:\/\/cannabee.net\/pl\/wp-json\/wp\/v2\/pages\/1994"}],"collection":[{"href":"https:\/\/cannabee.net\/pl\/wp-json\/wp\/v2\/pages"}],"about":[{"href":"https:\/\/cannabee.net\/pl\/wp-json\/wp\/v2\/types\/page"}],"author":[{"embeddable":true,"href":"https:\/\/cannabee.net\/pl\/wp-json\/wp\/v2\/users\/1"}],"replies":[{"embeddable":true,"href":"https:\/\/cannabee.net\/pl\/wp-json\/wp\/v2\/comments?post=1994"}],"version-history":[{"count":0,"href":"https:\/\/cannabee.net\/pl\/wp-json\/wp\/v2\/pages\/1994\/revisions"}],"wp:attachment":[{"href":"https:\/\/cannabee.net\/pl\/wp-json\/wp\/v2\/media?parent=1994"}],"curies":[{"name":"wp","href":"https:\/\/api.w.org\/{rel}","templated":true}]}}