{"id":1995,"date":"2020-04-08T08:27:50","date_gmt":"2020-04-08T08:27:50","guid":{"rendered":"https:\/\/cannabee.net\/oswiadczenie\/"},"modified":"2020-06-04T09:12:41","modified_gmt":"2020-06-04T09:12:41","slug":"oswiadczenie","status":"publish","type":"page","link":"https:\/\/cannabee.net\/pl\/oswiadczenie\/","title":{"rendered":"O\u015bwiadczenie"},"content":{"rendered":"<p><span style=\"font-weight: 400;\">Cannabee.net i nasi autorzy nie ponosz\u0105 \u017cadnej odpowiedzialno\u015bci za jakiekolwiek niedogodno\u015bci lub szkody wynikaj\u0105ce z korzystania z prezentowanych tu informacji.<\/span><\/p>\n<p>&nbsp;<\/p>\n<p><span style=\"font-weight: 400;\">Nasze teksty w \u017caden spos\u00f3b nie zast\u0119puj\u0105 profesjonalnej porady lekarza lub farmaceuty i nie mog\u0105 by\u0107 wykorzystywane jako podstawa do samodzielnej diagnozy i rozpocz\u0119cia, modyfikacji lub zako\u0144czenia leczenia chor\u00f3b. W przypadku pyta\u0144 lub dolegliwo\u015bci zdrowotnych nale\u017cy zawsze skonsultowa\u0107 si\u0119 z lekarzem, kt\u00f3remu mo\u017cna zaufa\u0107!<\/span><\/p>\n<p>&nbsp;<\/p>\n<p><span style=\"font-weight: 400;\">Wolno dost\u0119pne tre\u015bci tej strony internetowej zosta\u0142y stworzone z najwi\u0119ksz\u0105 staranno\u015bci\u0105 i s\u0142u\u017c\u0105 wy\u0142\u0105cznie celom informacyjnym na ten temat. Jednak\u017ce dostawca tej strony internetowej nie ponosi odpowiedzialno\u015bci za prawid\u0142owo\u015b\u0107, aktualno\u015b\u0107 i kompletno\u015b\u0107 udost\u0119pnionych tekst\u00f3w i tre\u015bci. Nie stanowi\u0105 one rekomendacji opisanych lub wymienionych metod diagnostycznych, zabieg\u00f3w lub lek\u00f3w i nie maj\u0105 na celu reklamy.<\/span><\/p>\n","protected":false},"excerpt":{"rendered":"<p>Cannabee.net i nasi autorzy nie ponosz\u0105 \u017cadnej odpowiedzialno\u015bci za jakiekolwiek niedogodno\u015bci lub szkody wynikaj\u0105ce z korzystania z prezentowanych tu informacji. &nbsp; Nasze teksty w \u017caden spos\u00f3b nie zast\u0119puj\u0105 profesjonalnej porady lekarza lub farmaceuty i nie mog\u0105 by\u0107 wykorzystywane jako podstawa<\/p>\n","protected":false},"author":1,"featured_media":0,"parent":0,"menu_order":0,"comment_status":"closed","ping_status":"closed","template":"","meta":{"advgb_blocks_editor_width":"","advgb_blocks_columns_visual_guide":"","_lmt_disableupdate":"","_lmt_disable":""},"yoast_head":"<!-- This site is optimized with the Yoast SEO plugin v19.4 - https:\/\/yoast.com\/wordpress\/plugins\/seo\/ -->\n<title>O\u015bwiadczenie - Cannabee<\/title>\n<meta name=\"robots\" content=\"index, follow, max-snippet:-1, max-image-preview:large, max-video-preview:-1\" \/>\n<link rel=\"canonical\" href=\"https:\/\/cannabee.net\/pl\/oswiadczenie\/\" \/>\n<meta property=\"og:locale\" content=\"pl_PL\" \/>\n<meta property=\"og:type\" content=\"article\" \/>\n<meta property=\"og:title\" content=\"O\u015bwiadczenie - Cannabee\" \/>\n<meta property=\"og:description\" content=\"Cannabee.net i nasi autorzy nie ponosz\u0105 \u017cadnej odpowiedzialno\u015bci za jakiekolwiek niedogodno\u015bci lub szkody wynikaj\u0105ce z korzystania z prezentowanych tu informacji. &nbsp; Nasze teksty w \u017caden spos\u00f3b nie zast\u0119puj\u0105 profesjonalnej porady lekarza lub farmaceuty i nie mog\u0105 by\u0107 wykorzystywane jako podstawa\" \/>\n<meta property=\"og:url\" content=\"https:\/\/cannabee.net\/pl\/oswiadczenie\/\" \/>\n<meta property=\"og:site_name\" content=\"Cannabee\" \/>\n<meta property=\"article:publisher\" content=\"https:\/\/www.facebook.com\/cannabe.net\/\" \/>\n<meta property=\"article:modified_time\" content=\"2020-06-04T09:12:41+00:00\" \/>\n<meta name=\"twitter:card\" content=\"summary_large_image\" \/>\n<meta name=\"twitter:label1\" content=\"Szacowany czas czytania\" \/>\n\t<meta name=\"twitter:data1\" content=\"1 minuta\" \/>\n<script type=\"application\/ld+json\" class=\"yoast-schema-graph\">{\"@context\":\"https:\/\/schema.org\",\"@graph\":[{\"@type\":\"Organization\",\"@id\":\"https:\/\/cannabee.net\/#organization\",\"name\":\"Cannabee.net\",\"url\":\"https:\/\/cannabee.net\/\",\"sameAs\":[\"https:\/\/www.facebook.com\/cannabe.net\/\"],\"logo\":{\"@type\":\"ImageObject\",\"inLanguage\":\"pl-PL\",\"@id\":\"https:\/\/cannabee.net\/#\/schema\/logo\/image\/\",\"url\":\"https:\/\/cannabee.net\/wp-content\/uploads\/2020\/04\/Untitled-design.png\",\"contentUrl\":\"https:\/\/cannabee.net\/wp-content\/uploads\/2020\/04\/Untitled-design.png\",\"width\":500,\"height\":500,\"caption\":\"Cannabee.net\"},\"image\":{\"@id\":\"https:\/\/cannabee.net\/#\/schema\/logo\/image\/\"}},{\"@type\":\"WebSite\",\"@id\":\"https:\/\/cannabee.net\/#website\",\"url\":\"https:\/\/cannabee.net\/\",\"name\":\"Cannabee\",\"description\":\"YOUR CBD HUB\",\"publisher\":{\"@id\":\"https:\/\/cannabee.net\/#organization\"},\"potentialAction\":[{\"@type\":\"SearchAction\",\"target\":{\"@type\":\"EntryPoint\",\"urlTemplate\":\"https:\/\/cannabee.net\/?s={search_term_string}\"},\"query-input\":\"required name=search_term_string\"}],\"inLanguage\":\"pl-PL\"},{\"@type\":\"WebPage\",\"@id\":\"https:\/\/cannabee.net\/pl\/oswiadczenie\/\",\"url\":\"https:\/\/cannabee.net\/pl\/oswiadczenie\/\",\"name\":\"O\u015bwiadczenie - Cannabee\",\"isPartOf\":{\"@id\":\"https:\/\/cannabee.net\/#website\"},\"datePublished\":\"2020-04-08T08:27:50+00:00\",\"dateModified\":\"2020-06-04T09:12:41+00:00\",\"breadcrumb\":{\"@id\":\"https:\/\/cannabee.net\/pl\/oswiadczenie\/#breadcrumb\"},\"inLanguage\":\"pl-PL\",\"potentialAction\":[{\"@type\":\"ReadAction\",\"target\":[\"https:\/\/cannabee.net\/pl\/oswiadczenie\/\"]}]},{\"@type\":\"BreadcrumbList\",\"@id\":\"https:\/\/cannabee.net\/pl\/oswiadczenie\/#breadcrumb\",\"itemListElement\":[{\"@type\":\"ListItem\",\"position\":1,\"name\":\"O\u015bwiadczenie\"}]}]}<\/script>\n<!-- \/ Yoast SEO plugin. -->","yoast_head_json":{"title":"O\u015bwiadczenie - Cannabee","robots":{"index":"index","follow":"follow","max-snippet":"max-snippet:-1","max-image-preview":"max-image-preview:large","max-video-preview":"max-video-preview:-1"},"canonical":"https:\/\/cannabee.net\/pl\/oswiadczenie\/","og_locale":"pl_PL","og_type":"article","og_title":"O\u015bwiadczenie - Cannabee","og_description":"Cannabee.net i nasi autorzy nie ponosz\u0105 \u017cadnej odpowiedzialno\u015bci za jakiekolwiek niedogodno\u015bci lub szkody wynikaj\u0105ce z korzystania z prezentowanych tu informacji. &nbsp; Nasze teksty w \u017caden spos\u00f3b nie zast\u0119puj\u0105 profesjonalnej porady lekarza lub farmaceuty i nie mog\u0105 by\u0107 wykorzystywane jako podstawa","og_url":"https:\/\/cannabee.net\/pl\/oswiadczenie\/","og_site_name":"Cannabee","article_publisher":"https:\/\/www.facebook.com\/cannabe.net\/","article_modified_time":"2020-06-04T09:12:41+00:00","twitter_card":"summary_large_image","twitter_misc":{"Szacowany czas czytania":"1 minuta"},"schema":{"@context":"https:\/\/schema.org","@graph":[{"@type":"Organization","@id":"https:\/\/cannabee.net\/#organization","name":"Cannabee.net","url":"https:\/\/cannabee.net\/","sameAs":["https:\/\/www.facebook.com\/cannabe.net\/"],"logo":{"@type":"ImageObject","inLanguage":"pl-PL","@id":"https:\/\/cannabee.net\/#\/schema\/logo\/image\/","url":"https:\/\/cannabee.net\/wp-content\/uploads\/2020\/04\/Untitled-design.png","contentUrl":"https:\/\/cannabee.net\/wp-content\/uploads\/2020\/04\/Untitled-design.png","width":500,"height":500,"caption":"Cannabee.net"},"image":{"@id":"https:\/\/cannabee.net\/#\/schema\/logo\/image\/"}},{"@type":"WebSite","@id":"https:\/\/cannabee.net\/#website","url":"https:\/\/cannabee.net\/","name":"Cannabee","description":"YOUR CBD HUB","publisher":{"@id":"https:\/\/cannabee.net\/#organization"},"potentialAction":[{"@type":"SearchAction","target":{"@type":"EntryPoint","urlTemplate":"https:\/\/cannabee.net\/?s={search_term_string}"},"query-input":"required name=search_term_string"}],"inLanguage":"pl-PL"},{"@type":"WebPage","@id":"https:\/\/cannabee.net\/pl\/oswiadczenie\/","url":"https:\/\/cannabee.net\/pl\/oswiadczenie\/","name":"O\u015bwiadczenie - Cannabee","isPartOf":{"@id":"https:\/\/cannabee.net\/#website"},"datePublished":"2020-04-08T08:27:50+00:00","dateModified":"2020-06-04T09:12:41+00:00","breadcrumb":{"@id":"https:\/\/cannabee.net\/pl\/oswiadczenie\/#breadcrumb"},"inLanguage":"pl-PL","potentialAction":[{"@type":"ReadAction","target":["https:\/\/cannabee.net\/pl\/oswiadczenie\/"]}]},{"@type":"BreadcrumbList","@id":"https:\/\/cannabee.net\/pl\/oswiadczenie\/#breadcrumb","itemListElement":[{"@type":"ListItem","position":1,"name":"O\u015bwiadczenie"}]}]}},"coauthors":[],"author_meta":{"author_link":"https:\/\/cannabee.net\/pl\/author\/hazelreynolds95\/","display_name":"Maxwell Harris"},"relative_dates":{"created":"Posted 6 lat ago","modified":"Updated 6 lat ago"},"absolute_dates":{"created":"Posted on 8 kwietnia, 2020","modified":"Updated on 4 czerwca, 2020"},"absolute_dates_time":{"created":"Posted on 8 kwietnia, 2020 8:27 am","modified":"Updated on 4 czerwca, 2020 9:12 am"},"featured_img_caption":"","featured_img":false,"series_order":"","_links":{"self":[{"href":"https:\/\/cannabee.net\/pl\/wp-json\/wp\/v2\/pages\/1995"}],"collection":[{"href":"https:\/\/cannabee.net\/pl\/wp-json\/wp\/v2\/pages"}],"about":[{"href":"https:\/\/cannabee.net\/pl\/wp-json\/wp\/v2\/types\/page"}],"author":[{"embeddable":true,"href":"https:\/\/cannabee.net\/pl\/wp-json\/wp\/v2\/users\/1"}],"replies":[{"embeddable":true,"href":"https:\/\/cannabee.net\/pl\/wp-json\/wp\/v2\/comments?post=1995"}],"version-history":[{"count":1,"href":"https:\/\/cannabee.net\/pl\/wp-json\/wp\/v2\/pages\/1995\/revisions"}],"predecessor-version":[{"id":3946,"href":"https:\/\/cannabee.net\/pl\/wp-json\/wp\/v2\/pages\/1995\/revisions\/3946"}],"wp:attachment":[{"href":"https:\/\/cannabee.net\/pl\/wp-json\/wp\/v2\/media?parent=1995"}],"curies":[{"name":"wp","href":"https:\/\/api.w.org\/{rel}","templated":true}]}}