{"id":5718,"date":"2020-09-30T08:29:09","date_gmt":"2020-09-30T08:29:09","guid":{"rendered":"https:\/\/cannabee.net\/dane-firmy\/"},"modified":"2020-09-30T08:29:09","modified_gmt":"2020-09-30T08:29:09","slug":"dane-firmy","status":"publish","type":"page","link":"https:\/\/cannabee.net\/pl\/dane-firmy\/","title":{"rendered":"Dane firmy"},"content":{"rendered":"\n<p>Organics of Germany SL<br\/>Calle Balmes 173 Planta 4, Puerta 2<br\/>08006 Barcelona<br\/>Espa\u00f1a<\/p>\n","protected":false},"excerpt":{"rendered":"<p>Organics of Germany SLCalle Balmes 173 Planta 4, Puerta 208006 BarcelonaEspa\u00f1a<\/p>\n","protected":false},"author":1,"featured_media":0,"parent":0,"menu_order":0,"comment_status":"closed","ping_status":"closed","template":"","meta":{"advgb_blocks_editor_width":"","advgb_blocks_columns_visual_guide":"","_lmt_disableupdate":"","_lmt_disable":""},"yoast_head":"<!-- This site is optimized with the Yoast SEO plugin v19.4 - https:\/\/yoast.com\/wordpress\/plugins\/seo\/ -->\n<title>Dane firmy - Cannabee<\/title>\n<meta name=\"robots\" content=\"noindex, follow\" \/>\n<meta property=\"og:locale\" content=\"pl_PL\" \/>\n<meta property=\"og:type\" content=\"article\" \/>\n<meta property=\"og:title\" content=\"Dane firmy - Cannabee\" \/>\n<meta property=\"og:description\" content=\"Organics of Germany SLCalle Balmes 173 Planta 4, Puerta 208006 BarcelonaEspa\u00f1a\" \/>\n<meta property=\"og:url\" content=\"https:\/\/cannabee.net\/pl\/dane-firmy\/\" \/>\n<meta property=\"og:site_name\" content=\"Cannabee\" \/>\n<meta property=\"article:publisher\" content=\"https:\/\/www.facebook.com\/cannabe.net\/\" \/>\n<meta name=\"twitter:card\" content=\"summary_large_image\" \/>\n<script type=\"application\/ld+json\" class=\"yoast-schema-graph\">{\"@context\":\"https:\/\/schema.org\",\"@graph\":[{\"@type\":\"Organization\",\"@id\":\"https:\/\/cannabee.net\/#organization\",\"name\":\"Cannabee.net\",\"url\":\"https:\/\/cannabee.net\/\",\"sameAs\":[\"https:\/\/www.facebook.com\/cannabe.net\/\"],\"logo\":{\"@type\":\"ImageObject\",\"inLanguage\":\"pl-PL\",\"@id\":\"https:\/\/cannabee.net\/#\/schema\/logo\/image\/\",\"url\":\"https:\/\/cannabee.net\/wp-content\/uploads\/2020\/04\/Untitled-design.png\",\"contentUrl\":\"https:\/\/cannabee.net\/wp-content\/uploads\/2020\/04\/Untitled-design.png\",\"width\":500,\"height\":500,\"caption\":\"Cannabee.net\"},\"image\":{\"@id\":\"https:\/\/cannabee.net\/#\/schema\/logo\/image\/\"}},{\"@type\":\"WebSite\",\"@id\":\"https:\/\/cannabee.net\/#website\",\"url\":\"https:\/\/cannabee.net\/\",\"name\":\"Cannabee\",\"description\":\"YOUR CBD HUB\",\"publisher\":{\"@id\":\"https:\/\/cannabee.net\/#organization\"},\"potentialAction\":[{\"@type\":\"SearchAction\",\"target\":{\"@type\":\"EntryPoint\",\"urlTemplate\":\"https:\/\/cannabee.net\/?s={search_term_string}\"},\"query-input\":\"required name=search_term_string\"}],\"inLanguage\":\"pl-PL\"},{\"@type\":\"WebPage\",\"@id\":\"https:\/\/cannabee.net\/pl\/dane-firmy\/\",\"url\":\"https:\/\/cannabee.net\/pl\/dane-firmy\/\",\"name\":\"Dane firmy - Cannabee\",\"isPartOf\":{\"@id\":\"https:\/\/cannabee.net\/#website\"},\"datePublished\":\"2020-09-30T08:29:09+00:00\",\"dateModified\":\"2020-09-30T08:29:09+00:00\",\"breadcrumb\":{\"@id\":\"https:\/\/cannabee.net\/pl\/dane-firmy\/#breadcrumb\"},\"inLanguage\":\"pl-PL\",\"potentialAction\":[{\"@type\":\"ReadAction\",\"target\":[\"https:\/\/cannabee.net\/pl\/dane-firmy\/\"]}]},{\"@type\":\"BreadcrumbList\",\"@id\":\"https:\/\/cannabee.net\/pl\/dane-firmy\/#breadcrumb\",\"itemListElement\":[{\"@type\":\"ListItem\",\"position\":1,\"name\":\"Dane firmy\"}]}]}<\/script>\n<!-- \/ Yoast SEO plugin. -->","yoast_head_json":{"title":"Dane firmy - Cannabee","robots":{"index":"noindex","follow":"follow"},"og_locale":"pl_PL","og_type":"article","og_title":"Dane firmy - Cannabee","og_description":"Organics of Germany SLCalle Balmes 173 Planta 4, Puerta 208006 BarcelonaEspa\u00f1a","og_url":"https:\/\/cannabee.net\/pl\/dane-firmy\/","og_site_name":"Cannabee","article_publisher":"https:\/\/www.facebook.com\/cannabe.net\/","twitter_card":"summary_large_image","schema":{"@context":"https:\/\/schema.org","@graph":[{"@type":"Organization","@id":"https:\/\/cannabee.net\/#organization","name":"Cannabee.net","url":"https:\/\/cannabee.net\/","sameAs":["https:\/\/www.facebook.com\/cannabe.net\/"],"logo":{"@type":"ImageObject","inLanguage":"pl-PL","@id":"https:\/\/cannabee.net\/#\/schema\/logo\/image\/","url":"https:\/\/cannabee.net\/wp-content\/uploads\/2020\/04\/Untitled-design.png","contentUrl":"https:\/\/cannabee.net\/wp-content\/uploads\/2020\/04\/Untitled-design.png","width":500,"height":500,"caption":"Cannabee.net"},"image":{"@id":"https:\/\/cannabee.net\/#\/schema\/logo\/image\/"}},{"@type":"WebSite","@id":"https:\/\/cannabee.net\/#website","url":"https:\/\/cannabee.net\/","name":"Cannabee","description":"YOUR CBD HUB","publisher":{"@id":"https:\/\/cannabee.net\/#organization"},"potentialAction":[{"@type":"SearchAction","target":{"@type":"EntryPoint","urlTemplate":"https:\/\/cannabee.net\/?s={search_term_string}"},"query-input":"required name=search_term_string"}],"inLanguage":"pl-PL"},{"@type":"WebPage","@id":"https:\/\/cannabee.net\/pl\/dane-firmy\/","url":"https:\/\/cannabee.net\/pl\/dane-firmy\/","name":"Dane firmy - Cannabee","isPartOf":{"@id":"https:\/\/cannabee.net\/#website"},"datePublished":"2020-09-30T08:29:09+00:00","dateModified":"2020-09-30T08:29:09+00:00","breadcrumb":{"@id":"https:\/\/cannabee.net\/pl\/dane-firmy\/#breadcrumb"},"inLanguage":"pl-PL","potentialAction":[{"@type":"ReadAction","target":["https:\/\/cannabee.net\/pl\/dane-firmy\/"]}]},{"@type":"BreadcrumbList","@id":"https:\/\/cannabee.net\/pl\/dane-firmy\/#breadcrumb","itemListElement":[{"@type":"ListItem","position":1,"name":"Dane firmy"}]}]}},"coauthors":[],"author_meta":{"author_link":"https:\/\/cannabee.net\/pl\/author\/hazelreynolds95\/","display_name":"Maxwell Harris"},"relative_dates":{"created":"Posted 6 lat ago","modified":"Updated 6 lat ago"},"absolute_dates":{"created":"Posted on 30 wrze\u015bnia, 2020","modified":"Updated on 30 wrze\u015bnia, 2020"},"absolute_dates_time":{"created":"Posted on 30 wrze\u015bnia, 2020 8:29 am","modified":"Updated on 30 wrze\u015bnia, 2020 8:29 am"},"featured_img_caption":"","featured_img":false,"series_order":"","_links":{"self":[{"href":"https:\/\/cannabee.net\/pl\/wp-json\/wp\/v2\/pages\/5718"}],"collection":[{"href":"https:\/\/cannabee.net\/pl\/wp-json\/wp\/v2\/pages"}],"about":[{"href":"https:\/\/cannabee.net\/pl\/wp-json\/wp\/v2\/types\/page"}],"author":[{"embeddable":true,"href":"https:\/\/cannabee.net\/pl\/wp-json\/wp\/v2\/users\/1"}],"replies":[{"embeddable":true,"href":"https:\/\/cannabee.net\/pl\/wp-json\/wp\/v2\/comments?post=5718"}],"version-history":[{"count":1,"href":"https:\/\/cannabee.net\/pl\/wp-json\/wp\/v2\/pages\/5718\/revisions"}],"predecessor-version":[{"id":5719,"href":"https:\/\/cannabee.net\/pl\/wp-json\/wp\/v2\/pages\/5718\/revisions\/5719"}],"wp:attachment":[{"href":"https:\/\/cannabee.net\/pl\/wp-json\/wp\/v2\/media?parent=5718"}],"curies":[{"name":"wp","href":"https:\/\/api.w.org\/{rel}","templated":true}]}}