{"id":2426,"date":"2020-04-15T15:02:10","date_gmt":"2020-04-15T15:02:10","guid":{"rendered":"https:\/\/cannabee.net\/om-oss\/"},"modified":"2020-04-15T15:02:10","modified_gmt":"2020-04-15T15:02:10","slug":"om-oss","status":"publish","type":"page","link":"https:\/\/cannabee.net\/sv\/om-oss\/","title":{"rendered":"Om oss"},"content":{"rendered":"<h2>V\u00e5rt uppdrag och vision<\/h2>\n<p>Cannabee.net vill \u00f6ka och f\u00f6rb\u00e4ttra medvetenheten om CBD-olja och dess effekt och g\u00f6ra det l\u00e4ttf\u00f6rst\u00e5eligt f\u00f6r alla som \u00e4r intresserade av detta \u00e4mne.<\/p>\n<p>Handlingsplanen f\u00f6r Cannabee.net \u00e4r ocks\u00e5 tydlig: Vi kommer att vidarebefordra den mest relevanta och aktuella kunskapen om CBD (och CBD-olja) till v\u00e5ra l\u00e4sare. N\u00e4r vi bygger denna informationssajt kommer vi att vara extremt k\u00e4llkritiska s\u00e5 att du kan f\u00e5 den kunskap du beh\u00f6ver.<\/p>\n<p>Vi vill h\u00e5lla dig informerad om eventuella juridiska fr\u00e5gor, ang\u00e5ende hampa, cannabis och CBD, och kommer d\u00e4rf\u00f6r inte att uppmuntra ink\u00f6p av CBD-olja p\u00e5 den olagliga marknaden. Alla leverant\u00f6rens rekommendationer som anges p\u00e5 denna webbplats g\u00f6rs baserat p\u00e5 personlig erfarenhet och djupg\u00e5ende unders\u00f6kning.<\/p>\n","protected":false},"excerpt":{"rendered":"<p>V\u00e5rt uppdrag och vision Cannabee.net vill \u00f6ka och f\u00f6rb\u00e4ttra medvetenheten om CBD-olja och dess effekt och g\u00f6ra det l\u00e4ttf\u00f6rst\u00e5eligt f\u00f6r alla som \u00e4r intresserade av detta \u00e4mne. Handlingsplanen f\u00f6r Cannabee.net \u00e4r ocks\u00e5 tydlig: Vi kommer att vidarebefordra den mest relevanta<\/p>\n","protected":false},"author":1,"featured_media":0,"parent":0,"menu_order":0,"comment_status":"closed","ping_status":"closed","template":"","meta":{"advgb_blocks_editor_width":"","advgb_blocks_columns_visual_guide":"","_lmt_disableupdate":"","_lmt_disable":""},"yoast_head":"<!-- This site is optimized with the Yoast SEO plugin v19.4 - https:\/\/yoast.com\/wordpress\/plugins\/seo\/ -->\n<title>Om oss - Cannabee<\/title>\n<meta name=\"robots\" content=\"index, follow, max-snippet:-1, max-image-preview:large, max-video-preview:-1\" \/>\n<link rel=\"canonical\" href=\"https:\/\/cannabee.net\/sv\/om-oss\/\" \/>\n<meta property=\"og:locale\" content=\"sv_SE\" \/>\n<meta property=\"og:type\" content=\"article\" \/>\n<meta property=\"og:title\" content=\"Om oss - Cannabee\" \/>\n<meta property=\"og:description\" content=\"V\u00e5rt uppdrag och vision Cannabee.net vill \u00f6ka och f\u00f6rb\u00e4ttra medvetenheten om CBD-olja och dess effekt och g\u00f6ra det l\u00e4ttf\u00f6rst\u00e5eligt f\u00f6r alla som \u00e4r intresserade av detta \u00e4mne. Handlingsplanen f\u00f6r Cannabee.net \u00e4r ocks\u00e5 tydlig: Vi kommer att vidarebefordra den mest relevanta\" \/>\n<meta property=\"og:url\" content=\"https:\/\/cannabee.net\/sv\/om-oss\/\" \/>\n<meta property=\"og:site_name\" content=\"Cannabee\" \/>\n<meta property=\"article:publisher\" content=\"https:\/\/www.facebook.com\/cannabe.net\/\" \/>\n<meta name=\"twitter:card\" content=\"summary_large_image\" \/>\n<meta name=\"twitter:label1\" content=\"Ber\u00e4knad l\u00e4stid\" \/>\n\t<meta name=\"twitter:data1\" content=\"1 minut\" \/>\n<script type=\"application\/ld+json\" class=\"yoast-schema-graph\">{\"@context\":\"https:\/\/schema.org\",\"@graph\":[{\"@type\":\"Organization\",\"@id\":\"https:\/\/cannabee.net\/#organization\",\"name\":\"Cannabee.net\",\"url\":\"https:\/\/cannabee.net\/\",\"sameAs\":[\"https:\/\/www.facebook.com\/cannabe.net\/\"],\"logo\":{\"@type\":\"ImageObject\",\"inLanguage\":\"sv-SE\",\"@id\":\"https:\/\/cannabee.net\/#\/schema\/logo\/image\/\",\"url\":\"https:\/\/cannabee.net\/wp-content\/uploads\/2020\/04\/Untitled-design.png\",\"contentUrl\":\"https:\/\/cannabee.net\/wp-content\/uploads\/2020\/04\/Untitled-design.png\",\"width\":500,\"height\":500,\"caption\":\"Cannabee.net\"},\"image\":{\"@id\":\"https:\/\/cannabee.net\/#\/schema\/logo\/image\/\"}},{\"@type\":\"WebSite\",\"@id\":\"https:\/\/cannabee.net\/#website\",\"url\":\"https:\/\/cannabee.net\/\",\"name\":\"Cannabee\",\"description\":\"YOUR CBD HUB\",\"publisher\":{\"@id\":\"https:\/\/cannabee.net\/#organization\"},\"potentialAction\":[{\"@type\":\"SearchAction\",\"target\":{\"@type\":\"EntryPoint\",\"urlTemplate\":\"https:\/\/cannabee.net\/?s={search_term_string}\"},\"query-input\":\"required name=search_term_string\"}],\"inLanguage\":\"sv-SE\"},{\"@type\":\"WebPage\",\"@id\":\"https:\/\/cannabee.net\/sv\/om-oss\/\",\"url\":\"https:\/\/cannabee.net\/sv\/om-oss\/\",\"name\":\"Om oss - Cannabee\",\"isPartOf\":{\"@id\":\"https:\/\/cannabee.net\/#website\"},\"datePublished\":\"2020-04-15T15:02:10+00:00\",\"dateModified\":\"2020-04-15T15:02:10+00:00\",\"breadcrumb\":{\"@id\":\"https:\/\/cannabee.net\/sv\/om-oss\/#breadcrumb\"},\"inLanguage\":\"sv-SE\",\"potentialAction\":[{\"@type\":\"ReadAction\",\"target\":[\"https:\/\/cannabee.net\/sv\/om-oss\/\"]}]},{\"@type\":\"BreadcrumbList\",\"@id\":\"https:\/\/cannabee.net\/sv\/om-oss\/#breadcrumb\",\"itemListElement\":[{\"@type\":\"ListItem\",\"position\":1,\"name\":\"Om oss\"}]}]}<\/script>\n<!-- \/ Yoast SEO plugin. -->","yoast_head_json":{"title":"Om oss - Cannabee","robots":{"index":"index","follow":"follow","max-snippet":"max-snippet:-1","max-image-preview":"max-image-preview:large","max-video-preview":"max-video-preview:-1"},"canonical":"https:\/\/cannabee.net\/sv\/om-oss\/","og_locale":"sv_SE","og_type":"article","og_title":"Om oss - Cannabee","og_description":"V\u00e5rt uppdrag och vision Cannabee.net vill \u00f6ka och f\u00f6rb\u00e4ttra medvetenheten om CBD-olja och dess effekt och g\u00f6ra det l\u00e4ttf\u00f6rst\u00e5eligt f\u00f6r alla som \u00e4r intresserade av detta \u00e4mne. Handlingsplanen f\u00f6r Cannabee.net \u00e4r ocks\u00e5 tydlig: Vi kommer att vidarebefordra den mest relevanta","og_url":"https:\/\/cannabee.net\/sv\/om-oss\/","og_site_name":"Cannabee","article_publisher":"https:\/\/www.facebook.com\/cannabe.net\/","twitter_card":"summary_large_image","twitter_misc":{"Ber\u00e4knad l\u00e4stid":"1 minut"},"schema":{"@context":"https:\/\/schema.org","@graph":[{"@type":"Organization","@id":"https:\/\/cannabee.net\/#organization","name":"Cannabee.net","url":"https:\/\/cannabee.net\/","sameAs":["https:\/\/www.facebook.com\/cannabe.net\/"],"logo":{"@type":"ImageObject","inLanguage":"sv-SE","@id":"https:\/\/cannabee.net\/#\/schema\/logo\/image\/","url":"https:\/\/cannabee.net\/wp-content\/uploads\/2020\/04\/Untitled-design.png","contentUrl":"https:\/\/cannabee.net\/wp-content\/uploads\/2020\/04\/Untitled-design.png","width":500,"height":500,"caption":"Cannabee.net"},"image":{"@id":"https:\/\/cannabee.net\/#\/schema\/logo\/image\/"}},{"@type":"WebSite","@id":"https:\/\/cannabee.net\/#website","url":"https:\/\/cannabee.net\/","name":"Cannabee","description":"YOUR CBD HUB","publisher":{"@id":"https:\/\/cannabee.net\/#organization"},"potentialAction":[{"@type":"SearchAction","target":{"@type":"EntryPoint","urlTemplate":"https:\/\/cannabee.net\/?s={search_term_string}"},"query-input":"required name=search_term_string"}],"inLanguage":"sv-SE"},{"@type":"WebPage","@id":"https:\/\/cannabee.net\/sv\/om-oss\/","url":"https:\/\/cannabee.net\/sv\/om-oss\/","name":"Om oss - Cannabee","isPartOf":{"@id":"https:\/\/cannabee.net\/#website"},"datePublished":"2020-04-15T15:02:10+00:00","dateModified":"2020-04-15T15:02:10+00:00","breadcrumb":{"@id":"https:\/\/cannabee.net\/sv\/om-oss\/#breadcrumb"},"inLanguage":"sv-SE","potentialAction":[{"@type":"ReadAction","target":["https:\/\/cannabee.net\/sv\/om-oss\/"]}]},{"@type":"BreadcrumbList","@id":"https:\/\/cannabee.net\/sv\/om-oss\/#breadcrumb","itemListElement":[{"@type":"ListItem","position":1,"name":"Om oss"}]}]}},"coauthors":[],"author_meta":{"author_link":"https:\/\/cannabee.net\/sv\/author\/hazelreynolds95\/","display_name":"Maxwell Harris"},"relative_dates":{"created":"Posted 6 \u00e5r ago","modified":"Updated 6 \u00e5r ago"},"absolute_dates":{"created":"Posted on april 15, 2020","modified":"Updated on april 15, 2020"},"absolute_dates_time":{"created":"Posted on april 15, 2020 3:02 e m","modified":"Updated on april 15, 2020 3:02 e m"},"featured_img_caption":"","featured_img":false,"series_order":"","_links":{"self":[{"href":"https:\/\/cannabee.net\/sv\/wp-json\/wp\/v2\/pages\/2426"}],"collection":[{"href":"https:\/\/cannabee.net\/sv\/wp-json\/wp\/v2\/pages"}],"about":[{"href":"https:\/\/cannabee.net\/sv\/wp-json\/wp\/v2\/types\/page"}],"author":[{"embeddable":true,"href":"https:\/\/cannabee.net\/sv\/wp-json\/wp\/v2\/users\/1"}],"replies":[{"embeddable":true,"href":"https:\/\/cannabee.net\/sv\/wp-json\/wp\/v2\/comments?post=2426"}],"version-history":[{"count":0,"href":"https:\/\/cannabee.net\/sv\/wp-json\/wp\/v2\/pages\/2426\/revisions"}],"wp:attachment":[{"href":"https:\/\/cannabee.net\/sv\/wp-json\/wp\/v2\/media?parent=2426"}],"curies":[{"name":"wp","href":"https:\/\/api.w.org\/{rel}","templated":true}]}}